{"id":8916,"date":"2023-04-26T21:07:29","date_gmt":"2023-04-26T21:07:29","guid":{"rendered":"http:\/\/estamoscontigo.srtv.cl\/?page_id=8916"},"modified":"2024-04-26T19:25:14","modified_gmt":"2024-04-26T19:25:14","slug":"venta-misotrol","status":"publish","type":"page","link":"https:\/\/pastillasmisotrol.cl\/index.php\/venta-misotrol\/","title":{"rendered":"VENTA MISOTROL EN CHILE"},"content":{"rendered":"<section class=\"l-section wpb_row height_custom\"><div class=\"l-section-h i-cf\"><div class=\"g-cols via_grid cols_3 laptops-cols_inherit tablets-cols_inherit mobiles-cols_1 valign_top type_default\"><div class=\"wpb_column vc_column_container\"><div class=\"vc_column-inner\"><h3 class=\"w-text us_custom_9ff3dc15 has_text_color\"><span class=\"w-text-h\"><span class=\"w-text-value\">Zona Norte<\/span><\/span><\/h3><div class=\"wpb_text_column\"><div class=\"wpb_wrapper\"><p><a href=\"https:\/\/pastillasmisotrol.cl\/index.php\/venta-en-antofagasta\/\">Misotrol <\/a><a href=\"https:\/\/pastillasmisotrol.cl\/index.php\/venta-en-antofagasta\/\">en Antofagasta\u00a0<\/a><\/p>\n<p><a href=\"https:\/\/pastillasmisotrol.cl\/index.php\/venta-en-calama\/\">Misotrol <\/a><a href=\"https:\/\/pastillasmisotrol.cl\/index.php\/venta-en-calama\/\">en Calama<\/a><\/p>\n<p><a href=\"https:\/\/pastillasmisotrol.cl\/index.php\/venta-en-copiapo\/\">Misotrol <\/a><a href=\"https:\/\/pastillasmisotrol.cl\/index.php\/venta-en-copiapo\/\">en Copiap\u00f3<\/a><\/p>\n<p><a href=\"https:\/\/pastillasmisotrol.cl\/index.php\/venta-en-iquique\/\">Misotrol <\/a><a href=\"https:\/\/pastillasmisotrol.cl\/index.php\/venta-en-iquique\/\">en Iquique<\/a><\/p>\n<p><a href=\"https:\/\/pastillasmisotrol.cl\/index.php\/venta-en-la-serena\/\">Misotrol <\/a><a href=\"https:\/\/pastillasmisotrol.cl\/index.php\/venta-en-la-serena\/\">en La Serena<\/a><\/p>\n<\/div><\/div><\/div><\/div><div class=\"wpb_column vc_column_container\"><div class=\"vc_column-inner\"><h3 class=\"w-text us_custom_9ff3dc15 has_text_color\"><span class=\"w-text-h\"><span class=\"w-text-value\">Zona Centro<\/span><\/span><\/h3><h5 class=\"w-text us_custom_9ff3dc15 has_text_color\"><span class=\"w-text-h\"><span class=\"w-text-value\">Regi\u00f3n Metropolitana<\/span><\/span><\/h5><div class=\"w-tabs us_custom_05ae3dfe has_text_color style_default switch_click accordion has_scrolling\" style=\"--sections-title-size:inherit\"><div class=\"w-tabs-sections titles-align_none icon_chevron cpos_right\"><div class=\"w-tabs-section has_text_color\" id=\"y6f5\"><button aria-controls=\"content-y6f5\" class=\"w-tabs-section-header\"><h6 class=\"w-tabs-section-title\">Comunas<\/h6><div class=\"w-tabs-section-control\"><\/div><\/button><div class=\"w-tabs-section-content us_custom_c7ea1538\" id=\"content-y6f5\" aria-expanded=\"false\"><div class=\"w-tabs-section-content-h i-cf\"><div class=\"wpb_text_column\"><div class=\"wpb_wrapper\"><p><a href=\"https:\/\/pastillasmisotrol.cl\/index.php\/venta-en-colina\/\">Misotrol <\/a><a href=\"https:\/\/pastillasmisotrol.cl\/index.php\/venta-en-colina\/\">en Colina<\/a><\/p>\n<p><a href=\"https:\/\/pastillasmisotrol.cl\/index.php\/venta-en-conchali\/\">Misotrol <\/a><a href=\"https:\/\/pastillasmisotrol.cl\/index.php\/venta-en-conchali\/\">en Conchal\u00ed<\/a><\/p>\n<p><a href=\"https:\/\/pastillasmisotrol.cl\/index.php\/venta-en-independencia\/\">Misotrol en Independencia<\/a><\/p>\n<p><a href=\"https:\/\/pastillasmisotrol.cl\/index.php\/venta-en-la-dehesa\/\">Misotrol en La Dehesa<\/a><\/p>\n<p><a href=\"https:\/\/pastillasmisotrol.cl\/index.php\/venta-en-la-florida\/\">Misotrol en La Florida<\/a><\/p>\n<p><a href=\"https:\/\/pastillasmisotrol.cl\/index.php\/venta-en-la-granja\/\">Misotrol en La Granja<\/a><\/p>\n<p><a href=\"https:\/\/pastillasmisotrol.cl\/index.php\/venta-en-la-reina\/\">Misotrol en La Reina<\/a><\/p>\n<p><a href=\"https:\/\/pastillasmisotrol.cl\/index.php\/venta-en-las-condes\/\">Misotrol en Las Condes<\/a><\/p>\n<p><a href=\"https:\/\/pastillasmisotrol.cl\/index.php\/venta-en-lo-barnechea\/\">Misotrol en Lo Barnechea<\/a><\/p>\n<p><a href=\"https:\/\/pastillasmisotrol.cl\/index.php\/venta-en-macul\/\">Misotrol en Macul<\/a><\/p>\n<p><a href=\"https:\/\/pastillasmisotrol.cl\/index.php\/venta-en-maipu\/\">Misotrol en Maip\u00fa<\/a><\/p>\n<p><a href=\"https:\/\/pastillasmisotrol.cl\/index.php\/venta-en-nunoa\/\">Misotrol en \u00d1u\u00f1oa<\/a><\/p>\n<p><a href=\"https:\/\/pastillasmisotrol.cl\/index.php\/venta-en-penalolen\/\">Misotrol en Pe\u00f1alol\u00e9n<\/a><\/p>\n<p><a href=\"https:\/\/pastillasmisotrol.cl\/index.php\/venta-en-pirque\/\">Misotrol en Pirque<\/a><\/p>\n<p><a href=\"https:\/\/pastillasmisotrol.cl\/index.php\/venta-en-providencia\/\">Misotrol en Providencia<\/a><\/p>\n<p><a href=\"https:\/\/pastillasmisotrol.cl\/index.php\/venta-en-pudahuel\/\">Misotrol en Pudahuel<\/a><\/p>\n<p><a href=\"https:\/\/pastillasmisotrol.cl\/index.php\/venta-en-puente-alto\/\">Misotrol en Puente Alto<\/a><\/p>\n<p><a href=\"https:\/\/pastillasmisotrol.cl\/index.php\/venta-en-recoleta\/\">Misotrol en Recoleta<\/a><\/p>\n<p><a href=\"https:\/\/pastillasmisotrol.cl\/index.php\/venta-en-san-bernardo\/\">Misotrol en San Bernardo<\/a><\/p>\n<p><a href=\"https:\/\/pastillasmisotrol.cl\/index.php\/venta-en-san-felipe\/\">Misotrol en San Felipe<\/a><\/p>\n<p><a href=\"https:\/\/pastillasmisotrol.cl\/index.php\/venta-en-san-joaquin\/\">Misotrol en San Joaqu\u00edn<\/a><\/p>\n<p><a href=\"https:\/\/pastillasmisotrol.cl\/index.php\/venta-en-san-miguel\/\">Misotrol en San Miguel<\/a><\/p>\n<p><a href=\"https:\/\/pastillasmisotrol.cl\/index.php\/venta-en-santiago\/\">Misotrol en Santiago Centro<\/a><\/p>\n<p><a href=\"https:\/\/pastillasmisotrol.cl\/index.php\/venta-en-vitacura\/\">Misotrol en Vitacura<\/a><\/p>\n<\/div><\/div><\/div><\/div><\/div><\/div><\/div><div class=\"w-separator size_small\"><\/div><h5 class=\"w-text us_custom_9ff3dc15 has_text_color\"><span class=\"w-text-h\"><span class=\"w-text-value\">Otras Ciudades<\/span><\/span><\/h5><div class=\"wpb_text_column\"><div class=\"wpb_wrapper\"><p><a href=\"https:\/\/pastillasmisotrol.cl\/index.php\/venta-en-chillan\/\">Misotrol en Chill\u00e1n<\/a><\/p>\n<p><a href=\"https:\/\/pastillasmisotrol.cl\/index.php\/venta-en-concepcion\/\">Misotrol en Concepci\u00f3n<\/a><\/p>\n<p><a href=\"https:\/\/pastillasmisotrol.cl\/index.php\/venta-en-concon\/\">Misotrol en Conc\u00f3n<\/a><\/p>\n<p><a href=\"https:\/\/pastillasmisotrol.cl\/index.php\/venta-en-curico\/\">Misotrol en Curic\u00f3<\/a><\/p>\n<p><a href=\"https:\/\/pastillasmisotrol.cl\/index.php\/venta-en-isla-de-pascua\/\">Misotrol en Isla de Pascua<\/a><\/p>\n<p><a href=\"https:\/\/pastillasmisotrol.cl\/index.php\/venta-en-la-calera\/\">Misotrol en La Calera<\/a><\/p>\n<p><a href=\"https:\/\/pastillasmisotrol.cl\/index.php\/venta-en-limache\/\">Misotrol en Limache<\/a><\/p>\n<p><a href=\"https:\/\/pastillasmisotrol.cl\/index.php\/venta-en-los-andes\/\">Misotrol en Los Andes<\/a><\/p>\n<p><a href=\"https:\/\/pastillasmisotrol.cl\/index.php\/venta-en-los-angeles\/\">Misotrol en Los \u00c1ngeles<\/a><\/p>\n<p><a href=\"https:\/\/pastillasmisotrol.cl\/index.php\/venta-en-quillota\/\">Misotrol en Quillota<\/a><\/p>\n<p><a href=\"https:\/\/pastillasmisotrol.cl\/index.php\/venta-en-quilpue\/\">Misotrol en Quilpu\u00e9<\/a><\/p>\n<p><a href=\"https:\/\/pastillasmisotrol.cl\/index.php\/venta-en-rancagua\/\">Misotrol en Rancagua<\/a><\/p>\n<p><a href=\"https:\/\/pastillasmisotrol.cl\/index.php\/venta-en-san-antonio\/\">Misotrol en San Antonio<\/a><\/p>\n<p><a href=\"https:\/\/pastillasmisotrol.cl\/index.php\/venta-en-talca\/\">Misotrol en Talca<\/a><\/p>\n<p><a href=\"https:\/\/pastillasmisotrol.cl\/index.php\/venta-en-temuco\/\">Misotrol en Temuco<\/a><\/p>\n<p><a href=\"https:\/\/pastillasmisotrol.cl\/index.php\/venta-en-valparaiso\/\">Misotrol en Valpara\u00edso<\/a><\/p>\n<p><a href=\"https:\/\/pastillasmisotrol.cl\/index.php\/venta-en-villa-alemana\/\">Misotrol en Villa Alemana<\/a><\/p>\n<p><a href=\"https:\/\/pastillasmisotrol.cl\/index.php\/venta-en-vina-del-mar\/&quot;\">Misotrol en Vi\u00f1a del Mar<\/a><\/p>\n<\/div><\/div><\/div><\/div><div class=\"wpb_column vc_column_container\"><div class=\"vc_column-inner\"><h3 class=\"w-text us_custom_9ff3dc15 has_text_color\"><span class=\"w-text-h\"><span class=\"w-text-value\">Zona Sur<\/span><\/span><\/h3><div class=\"wpb_text_column\"><div class=\"wpb_wrapper\"><p><a href=\"https:\/\/pastillasmisotrol.cl\/index.php\/venta-en-ancud\/\">Misotrol en Ancud<\/a><\/p>\n<p><a href=\"https:\/\/pastillasmisotrol.cl\/index.php\/venta-en-castro\/\">Misotrol en Castro<\/a><\/p>\n<p><a href=\"https:\/\/pastillasmisotrol.cl\/index.php\/venta-en-chiloe\/\">Misotrol en Chilo\u00e9<\/a><\/p>\n<p><a href=\"https:\/\/pastillasmisotrol.cl\/index.php\/venta-en-coyhaique\/\">Misotrol en Coyhaique<\/a><\/p>\n<p><a href=\"https:\/\/pastillasmisotrol.cl\/index.php\/venta-en-osorno\/\">Misotrol en Osorno<\/a><\/p>\n<p><a href=\"https:\/\/pastillasmisotrol.cl\/index.php\/venta-en-pucon\/\">Misotrol en Puc\u00f3n<\/a><\/p>\n<p><a href=\"https:\/\/pastillasmisotrol.cl\/index.php\/venta-en-puerto-montt\/\">Misotrol en Puerto Montt<\/a><\/p>\n<p><a href=\"https:\/\/pastillasmisotrol.cl\/index.php\/venta-en-puerto-varas\/\">Misotrol en Puerto Varas<\/a><\/p>\n<\/div><\/div><\/div><\/div><\/div><\/div><\/section>\n","protected":false},"excerpt":{"rendered":"Zona NorteMisotrol en Antofagasta\u00a0 Misotrol en Calama Misotrol en Copiap\u00f3 Misotrol en Iquique Misotrol en La Serena Zona CentroRegi\u00f3n MetropolitanaComunasMisotrol en Colina Misotrol en Conchal\u00ed Misotrol en Independencia Misotrol en La Dehesa Misotrol en La Florida Misotrol en La Granja Misotrol en La Reina Misotrol en Las Condes Misotrol en Lo Barnechea Misotrol en Macul...","protected":false},"author":3,"featured_media":0,"parent":0,"menu_order":0,"comment_status":"closed","ping_status":"closed","template":"","meta":{"footnotes":""},"class_list":["post-8916","page","type-page","status-publish","hentry"],"yoast_head":"<!-- This site is optimized with the Yoast SEO plugin v20.8 - https:\/\/yoast.com\/wordpress\/plugins\/seo\/ -->\n<title>VENTA MISOTROL EN CHILE - Estamos contigo<\/title>\n<meta name=\"robots\" content=\"index, follow, max-snippet:-1, max-image-preview:large, max-video-preview:-1\" \/>\n<link rel=\"canonical\" href=\"https:\/\/pastillasmisotrol.cl\/index.php\/venta-misotrol\/\" \/>\n<meta property=\"og:locale\" content=\"es_ES\" \/>\n<meta property=\"og:type\" content=\"article\" \/>\n<meta property=\"og:title\" content=\"VENTA MISOTROL EN CHILE - Estamos contigo\" \/>\n<meta property=\"og:url\" content=\"https:\/\/pastillasmisotrol.cl\/index.php\/venta-misotrol\/\" \/>\n<meta property=\"og:site_name\" content=\"Estamos contigo\" \/>\n<meta property=\"article:modified_time\" content=\"2024-04-26T19:25:14+00:00\" \/>\n<meta name=\"twitter:card\" content=\"summary_large_image\" \/>\n<meta name=\"twitter:label1\" content=\"Tiempo de lectura\" \/>\n\t<meta name=\"twitter:data1\" content=\"2 minutos\" \/>\n<script type=\"application\/ld+json\" class=\"yoast-schema-graph\">{\"@context\":\"https:\/\/schema.org\",\"@graph\":[{\"@type\":\"WebPage\",\"@id\":\"https:\/\/pastillasmisotrol.cl\/index.php\/venta-misotrol\/\",\"url\":\"https:\/\/pastillasmisotrol.cl\/index.php\/venta-misotrol\/\",\"name\":\"VENTA MISOTROL EN CHILE - Estamos contigo\",\"isPartOf\":{\"@id\":\"https:\/\/pastillasmisotrol.cl\/#website\"},\"datePublished\":\"2023-04-26T21:07:29+00:00\",\"dateModified\":\"2024-04-26T19:25:14+00:00\",\"breadcrumb\":{\"@id\":\"https:\/\/pastillasmisotrol.cl\/index.php\/venta-misotrol\/#breadcrumb\"},\"inLanguage\":\"es\",\"potentialAction\":[{\"@type\":\"ReadAction\",\"target\":[\"https:\/\/pastillasmisotrol.cl\/index.php\/venta-misotrol\/\"]}]},{\"@type\":\"BreadcrumbList\",\"@id\":\"https:\/\/pastillasmisotrol.cl\/index.php\/venta-misotrol\/#breadcrumb\",\"itemListElement\":[{\"@type\":\"ListItem\",\"position\":1,\"name\":\"Portada\",\"item\":\"https:\/\/pastillasmisotrol.cl\/\"},{\"@type\":\"ListItem\",\"position\":2,\"name\":\"VENTA MISOTROL EN CHILE\"}]},{\"@type\":\"WebSite\",\"@id\":\"https:\/\/pastillasmisotrol.cl\/#website\",\"url\":\"https:\/\/pastillasmisotrol.cl\/\",\"name\":\"Estamos contigo\",\"description\":\"Pastillas Misotrol. Tratamiento sublingual, Tratamiento v\u00eda intravaginal, Aborto Seguro\",\"publisher\":{\"@id\":\"https:\/\/pastillasmisotrol.cl\/#organization\"},\"potentialAction\":[{\"@type\":\"SearchAction\",\"target\":{\"@type\":\"EntryPoint\",\"urlTemplate\":\"https:\/\/pastillasmisotrol.cl\/?s={search_term_string}\"},\"query-input\":\"required name=search_term_string\"}],\"inLanguage\":\"es\"},{\"@type\":\"Organization\",\"@id\":\"https:\/\/pastillasmisotrol.cl\/#organization\",\"name\":\"Estamos contigo\",\"url\":\"https:\/\/pastillasmisotrol.cl\/\",\"logo\":{\"@type\":\"ImageObject\",\"inLanguage\":\"es\",\"@id\":\"https:\/\/pastillasmisotrol.cl\/#\/schema\/logo\/image\/\",\"url\":\"https:\/\/pastillasmisotrol.cl\/wp-content\/uploads\/2017\/07\/logo-1.png\",\"contentUrl\":\"https:\/\/pastillasmisotrol.cl\/wp-content\/uploads\/2017\/07\/logo-1.png\",\"width\":250,\"height\":60,\"caption\":\"Estamos contigo\"},\"image\":{\"@id\":\"https:\/\/pastillasmisotrol.cl\/#\/schema\/logo\/image\/\"}}]}<\/script>\n<!-- \/ Yoast SEO plugin. -->","yoast_head_json":{"title":"VENTA MISOTROL EN CHILE - Estamos contigo","robots":{"index":"index","follow":"follow","max-snippet":"max-snippet:-1","max-image-preview":"max-image-preview:large","max-video-preview":"max-video-preview:-1"},"canonical":"https:\/\/pastillasmisotrol.cl\/index.php\/venta-misotrol\/","og_locale":"es_ES","og_type":"article","og_title":"VENTA MISOTROL EN CHILE - Estamos contigo","og_url":"https:\/\/pastillasmisotrol.cl\/index.php\/venta-misotrol\/","og_site_name":"Estamos contigo","article_modified_time":"2024-04-26T19:25:14+00:00","twitter_card":"summary_large_image","twitter_misc":{"Tiempo de lectura":"2 minutos"},"schema":{"@context":"https:\/\/schema.org","@graph":[{"@type":"WebPage","@id":"https:\/\/pastillasmisotrol.cl\/index.php\/venta-misotrol\/","url":"https:\/\/pastillasmisotrol.cl\/index.php\/venta-misotrol\/","name":"VENTA MISOTROL EN CHILE - Estamos contigo","isPartOf":{"@id":"https:\/\/pastillasmisotrol.cl\/#website"},"datePublished":"2023-04-26T21:07:29+00:00","dateModified":"2024-04-26T19:25:14+00:00","breadcrumb":{"@id":"https:\/\/pastillasmisotrol.cl\/index.php\/venta-misotrol\/#breadcrumb"},"inLanguage":"es","potentialAction":[{"@type":"ReadAction","target":["https:\/\/pastillasmisotrol.cl\/index.php\/venta-misotrol\/"]}]},{"@type":"BreadcrumbList","@id":"https:\/\/pastillasmisotrol.cl\/index.php\/venta-misotrol\/#breadcrumb","itemListElement":[{"@type":"ListItem","position":1,"name":"Portada","item":"https:\/\/pastillasmisotrol.cl\/"},{"@type":"ListItem","position":2,"name":"VENTA MISOTROL EN CHILE"}]},{"@type":"WebSite","@id":"https:\/\/pastillasmisotrol.cl\/#website","url":"https:\/\/pastillasmisotrol.cl\/","name":"Estamos contigo","description":"Pastillas Misotrol. Tratamiento sublingual, Tratamiento v\u00eda intravaginal, Aborto Seguro","publisher":{"@id":"https:\/\/pastillasmisotrol.cl\/#organization"},"potentialAction":[{"@type":"SearchAction","target":{"@type":"EntryPoint","urlTemplate":"https:\/\/pastillasmisotrol.cl\/?s={search_term_string}"},"query-input":"required name=search_term_string"}],"inLanguage":"es"},{"@type":"Organization","@id":"https:\/\/pastillasmisotrol.cl\/#organization","name":"Estamos contigo","url":"https:\/\/pastillasmisotrol.cl\/","logo":{"@type":"ImageObject","inLanguage":"es","@id":"https:\/\/pastillasmisotrol.cl\/#\/schema\/logo\/image\/","url":"https:\/\/pastillasmisotrol.cl\/wp-content\/uploads\/2017\/07\/logo-1.png","contentUrl":"https:\/\/pastillasmisotrol.cl\/wp-content\/uploads\/2017\/07\/logo-1.png","width":250,"height":60,"caption":"Estamos contigo"},"image":{"@id":"https:\/\/pastillasmisotrol.cl\/#\/schema\/logo\/image\/"}}]}},"acf":[],"_links":{"self":[{"href":"https:\/\/pastillasmisotrol.cl\/index.php\/wp-json\/wp\/v2\/pages\/8916"}],"collection":[{"href":"https:\/\/pastillasmisotrol.cl\/index.php\/wp-json\/wp\/v2\/pages"}],"about":[{"href":"https:\/\/pastillasmisotrol.cl\/index.php\/wp-json\/wp\/v2\/types\/page"}],"author":[{"embeddable":true,"href":"https:\/\/pastillasmisotrol.cl\/index.php\/wp-json\/wp\/v2\/users\/3"}],"replies":[{"embeddable":true,"href":"https:\/\/pastillasmisotrol.cl\/index.php\/wp-json\/wp\/v2\/comments?post=8916"}],"version-history":[{"count":107,"href":"https:\/\/pastillasmisotrol.cl\/index.php\/wp-json\/wp\/v2\/pages\/8916\/revisions"}],"predecessor-version":[{"id":9934,"href":"https:\/\/pastillasmisotrol.cl\/index.php\/wp-json\/wp\/v2\/pages\/8916\/revisions\/9934"}],"wp:attachment":[{"href":"https:\/\/pastillasmisotrol.cl\/index.php\/wp-json\/wp\/v2\/media?parent=8916"}],"curies":[{"name":"wp","href":"https:\/\/api.w.org\/{rel}","templated":true}]}}