{"id":9075,"date":"2023-04-28T14:46:06","date_gmt":"2023-04-28T14:46:06","guid":{"rendered":"http:\/\/estamoscontigo.srtv.cl\/?page_id=9075"},"modified":"2024-01-29T13:02:28","modified_gmt":"2024-01-29T13:02:28","slug":"tratamiento-sublingual","status":"publish","type":"page","link":"https:\/\/pastillasmisotrol.cl\/index.php\/tratamiento-sublingual\/","title":{"rendered":"Tratamiento sublingual"},"content":{"rendered":"<section class=\"l-section wpb_row height_custom\"><div class=\"l-section-h i-cf\"><div class=\"g-cols via_grid cols_1 laptops-cols_inherit tablets-cols_inherit mobiles-cols_1 valign_top type_default\"><div class=\"wpb_column vc_column_container\"><div class=\"vc_column-inner\"><div class=\"g-cols wpb_row via_grid cols_1-2-1 laptops-cols_inherit tablets-cols_inherit mobiles-cols_1 valign_top type_default\"><div class=\"wpb_column vc_column_container\"><div class=\"vc_column-inner\"><\/div><\/div><div class=\"wpb_column vc_column_container\"><div class=\"vc_column-inner\"><div class=\"w-image align_center\"><div class=\"w-image-h\"><img loading=\"lazy\" decoding=\"async\" width=\"1200\" height=\"800\" src=\"https:\/\/pastillasmisotrol.cl\/wp-content\/uploads\/2023\/10\/WhatsApp-Image-2023-10-31-at-5.09.35-PM.jpeg\" class=\"attachment-full size-full\" alt=\"\" srcset=\"https:\/\/pastillasmisotrol.cl\/wp-content\/uploads\/2023\/10\/WhatsApp-Image-2023-10-31-at-5.09.35-PM.jpeg 1200w, https:\/\/pastillasmisotrol.cl\/wp-content\/uploads\/2023\/10\/WhatsApp-Image-2023-10-31-at-5.09.35-PM-300x200.jpeg 300w, https:\/\/pastillasmisotrol.cl\/wp-content\/uploads\/2023\/10\/WhatsApp-Image-2023-10-31-at-5.09.35-PM-1024x683.jpeg 1024w, https:\/\/pastillasmisotrol.cl\/wp-content\/uploads\/2023\/10\/WhatsApp-Image-2023-10-31-at-5.09.35-PM-600x400.jpeg 600w\" sizes=\"(max-width: 1200px) 100vw, 1200px\" \/><\/div><\/div><\/div><\/div><div class=\"wpb_column vc_column_container\"><div class=\"vc_column-inner\"><\/div><\/div><\/div><div class=\"w-separator size_medium\"><\/div><div class=\"wpb_text_column\"><div class=\"wpb_wrapper\"><div id=\"encabezado_uno\" class=\"elementor-element elementor-element-789ab15 elementor-widget elementor-widget-heading animated fadeInLeft\" data-id=\"789ab15\" data-element_type=\"widget\" data-settings=\"{&quot;_animation&quot;:&quot;fadeInLeft&quot;}\" data-widget_type=\"heading.default\">\n<div class=\"elementor-widget-container\">\n<div id=\"uso\" class=\"elementor-element elementor-element-a6b6564 e-con-boxed e-flex e-con\" data-id=\"a6b6564\" data-element_type=\"container\" data-settings=\"{&quot;content_width&quot;:&quot;boxed&quot;}\">\n<div class=\"e-con-inner\">\n<div class=\"elementor-element elementor-element-bee03e6 e-con-full e-flex e-con\" data-id=\"bee03e6\" data-element_type=\"container\" data-settings=\"{&quot;content_width&quot;:&quot;full&quot;}\">\n<div class=\"elementor-element elementor-element-373c08b elementor-widget elementor-widget-text-editor animated fadeInUp\" data-id=\"373c08b\" data-element_type=\"widget\" data-settings=\"{&quot;_animation&quot;:&quot;fadeInUp&quot;}\" data-widget_type=\"text-editor.default\">\n<div class=\"elementor-widget-container\">\n<p style=\"text-align: justify;\">Este tratamiento es el m\u00e1s efectivo y seguro con un 90% de efectividad. Se utiliza desde las 4 semanas hasta las 9 semanas de gestaci\u00f3n, y la ventaja de este tratamiento es que se utiliza por una v\u00eda indirecta, en donde no queda registro f\u00edsico del medicamento (como es el caso se utiliza v\u00eda intravaginal). Es seguro, confiable, menos riesgoso, efectivo, va directamente a la sangre y otra ventaja es que si hay alguna complicaci\u00f3n durante el tratamiento puedes acudir de inmediato a un centro cl\u00ednico y el medicamento pasa desapercibido (caso de hemorragia).<\/p>\n<\/div>\n<\/div>\n<\/div>\n<\/div>\n<\/div>\n<\/div>\n<\/div>\n<\/div><\/div><\/div><\/div><\/div><\/div><\/section>\n","protected":false},"excerpt":{"rendered":"Este tratamiento es el m\u00e1s efectivo y seguro con un 90% de efectividad. Se utiliza desde las 4 semanas hasta las 9 semanas de gestaci\u00f3n, y la ventaja de este tratamiento es que se utiliza por una v\u00eda indirecta, en donde no queda registro f\u00edsico del medicamento (como es el caso se utiliza v\u00eda intravaginal)....","protected":false},"author":3,"featured_media":0,"parent":0,"menu_order":0,"comment_status":"closed","ping_status":"closed","template":"","meta":{"footnotes":""},"class_list":["post-9075","page","type-page","status-publish","hentry"],"yoast_head":"<!-- This site is optimized with the Yoast SEO plugin v20.8 - https:\/\/yoast.com\/wordpress\/plugins\/seo\/ -->\n<title>Tratamiento sublingual - Estamos contigo<\/title>\n<meta name=\"robots\" content=\"index, follow, max-snippet:-1, max-image-preview:large, max-video-preview:-1\" \/>\n<link rel=\"canonical\" href=\"https:\/\/pastillasmisotrol.cl\/index.php\/tratamiento-sublingual\/\" \/>\n<meta property=\"og:locale\" content=\"es_ES\" \/>\n<meta property=\"og:type\" content=\"article\" \/>\n<meta property=\"og:title\" content=\"Tratamiento sublingual - Estamos contigo\" \/>\n<meta property=\"og:url\" content=\"https:\/\/pastillasmisotrol.cl\/index.php\/tratamiento-sublingual\/\" \/>\n<meta property=\"og:site_name\" content=\"Estamos contigo\" \/>\n<meta property=\"article:modified_time\" content=\"2024-01-29T13:02:28+00:00\" \/>\n<meta name=\"twitter:card\" content=\"summary_large_image\" \/>\n<meta name=\"twitter:label1\" content=\"Tiempo de lectura\" \/>\n\t<meta name=\"twitter:data1\" content=\"1 minuto\" \/>\n<script type=\"application\/ld+json\" class=\"yoast-schema-graph\">{\"@context\":\"https:\/\/schema.org\",\"@graph\":[{\"@type\":\"WebPage\",\"@id\":\"https:\/\/pastillasmisotrol.cl\/index.php\/tratamiento-sublingual\/\",\"url\":\"https:\/\/pastillasmisotrol.cl\/index.php\/tratamiento-sublingual\/\",\"name\":\"Tratamiento sublingual - Estamos contigo\",\"isPartOf\":{\"@id\":\"https:\/\/pastillasmisotrol.cl\/#website\"},\"datePublished\":\"2023-04-28T14:46:06+00:00\",\"dateModified\":\"2024-01-29T13:02:28+00:00\",\"breadcrumb\":{\"@id\":\"https:\/\/pastillasmisotrol.cl\/index.php\/tratamiento-sublingual\/#breadcrumb\"},\"inLanguage\":\"es\",\"potentialAction\":[{\"@type\":\"ReadAction\",\"target\":[\"https:\/\/pastillasmisotrol.cl\/index.php\/tratamiento-sublingual\/\"]}]},{\"@type\":\"BreadcrumbList\",\"@id\":\"https:\/\/pastillasmisotrol.cl\/index.php\/tratamiento-sublingual\/#breadcrumb\",\"itemListElement\":[{\"@type\":\"ListItem\",\"position\":1,\"name\":\"Portada\",\"item\":\"https:\/\/pastillasmisotrol.cl\/\"},{\"@type\":\"ListItem\",\"position\":2,\"name\":\"Tratamiento sublingual\"}]},{\"@type\":\"WebSite\",\"@id\":\"https:\/\/pastillasmisotrol.cl\/#website\",\"url\":\"https:\/\/pastillasmisotrol.cl\/\",\"name\":\"Estamos contigo\",\"description\":\"Pastillas Misotrol. Tratamiento sublingual, Tratamiento v\u00eda intravaginal, Aborto Seguro\",\"publisher\":{\"@id\":\"https:\/\/pastillasmisotrol.cl\/#organization\"},\"potentialAction\":[{\"@type\":\"SearchAction\",\"target\":{\"@type\":\"EntryPoint\",\"urlTemplate\":\"https:\/\/pastillasmisotrol.cl\/?s={search_term_string}\"},\"query-input\":\"required name=search_term_string\"}],\"inLanguage\":\"es\"},{\"@type\":\"Organization\",\"@id\":\"https:\/\/pastillasmisotrol.cl\/#organization\",\"name\":\"Estamos contigo\",\"url\":\"https:\/\/pastillasmisotrol.cl\/\",\"logo\":{\"@type\":\"ImageObject\",\"inLanguage\":\"es\",\"@id\":\"https:\/\/pastillasmisotrol.cl\/#\/schema\/logo\/image\/\",\"url\":\"https:\/\/pastillasmisotrol.cl\/wp-content\/uploads\/2017\/07\/logo-1.png\",\"contentUrl\":\"https:\/\/pastillasmisotrol.cl\/wp-content\/uploads\/2017\/07\/logo-1.png\",\"width\":250,\"height\":60,\"caption\":\"Estamos contigo\"},\"image\":{\"@id\":\"https:\/\/pastillasmisotrol.cl\/#\/schema\/logo\/image\/\"}}]}<\/script>\n<!-- \/ Yoast SEO plugin. -->","yoast_head_json":{"title":"Tratamiento sublingual - Estamos contigo","robots":{"index":"index","follow":"follow","max-snippet":"max-snippet:-1","max-image-preview":"max-image-preview:large","max-video-preview":"max-video-preview:-1"},"canonical":"https:\/\/pastillasmisotrol.cl\/index.php\/tratamiento-sublingual\/","og_locale":"es_ES","og_type":"article","og_title":"Tratamiento sublingual - Estamos contigo","og_url":"https:\/\/pastillasmisotrol.cl\/index.php\/tratamiento-sublingual\/","og_site_name":"Estamos contigo","article_modified_time":"2024-01-29T13:02:28+00:00","twitter_card":"summary_large_image","twitter_misc":{"Tiempo de lectura":"1 minuto"},"schema":{"@context":"https:\/\/schema.org","@graph":[{"@type":"WebPage","@id":"https:\/\/pastillasmisotrol.cl\/index.php\/tratamiento-sublingual\/","url":"https:\/\/pastillasmisotrol.cl\/index.php\/tratamiento-sublingual\/","name":"Tratamiento sublingual - Estamos contigo","isPartOf":{"@id":"https:\/\/pastillasmisotrol.cl\/#website"},"datePublished":"2023-04-28T14:46:06+00:00","dateModified":"2024-01-29T13:02:28+00:00","breadcrumb":{"@id":"https:\/\/pastillasmisotrol.cl\/index.php\/tratamiento-sublingual\/#breadcrumb"},"inLanguage":"es","potentialAction":[{"@type":"ReadAction","target":["https:\/\/pastillasmisotrol.cl\/index.php\/tratamiento-sublingual\/"]}]},{"@type":"BreadcrumbList","@id":"https:\/\/pastillasmisotrol.cl\/index.php\/tratamiento-sublingual\/#breadcrumb","itemListElement":[{"@type":"ListItem","position":1,"name":"Portada","item":"https:\/\/pastillasmisotrol.cl\/"},{"@type":"ListItem","position":2,"name":"Tratamiento sublingual"}]},{"@type":"WebSite","@id":"https:\/\/pastillasmisotrol.cl\/#website","url":"https:\/\/pastillasmisotrol.cl\/","name":"Estamos contigo","description":"Pastillas Misotrol. Tratamiento sublingual, Tratamiento v\u00eda intravaginal, Aborto Seguro","publisher":{"@id":"https:\/\/pastillasmisotrol.cl\/#organization"},"potentialAction":[{"@type":"SearchAction","target":{"@type":"EntryPoint","urlTemplate":"https:\/\/pastillasmisotrol.cl\/?s={search_term_string}"},"query-input":"required name=search_term_string"}],"inLanguage":"es"},{"@type":"Organization","@id":"https:\/\/pastillasmisotrol.cl\/#organization","name":"Estamos contigo","url":"https:\/\/pastillasmisotrol.cl\/","logo":{"@type":"ImageObject","inLanguage":"es","@id":"https:\/\/pastillasmisotrol.cl\/#\/schema\/logo\/image\/","url":"https:\/\/pastillasmisotrol.cl\/wp-content\/uploads\/2017\/07\/logo-1.png","contentUrl":"https:\/\/pastillasmisotrol.cl\/wp-content\/uploads\/2017\/07\/logo-1.png","width":250,"height":60,"caption":"Estamos contigo"},"image":{"@id":"https:\/\/pastillasmisotrol.cl\/#\/schema\/logo\/image\/"}}]}},"acf":[],"_links":{"self":[{"href":"https:\/\/pastillasmisotrol.cl\/index.php\/wp-json\/wp\/v2\/pages\/9075"}],"collection":[{"href":"https:\/\/pastillasmisotrol.cl\/index.php\/wp-json\/wp\/v2\/pages"}],"about":[{"href":"https:\/\/pastillasmisotrol.cl\/index.php\/wp-json\/wp\/v2\/types\/page"}],"author":[{"embeddable":true,"href":"https:\/\/pastillasmisotrol.cl\/index.php\/wp-json\/wp\/v2\/users\/3"}],"replies":[{"embeddable":true,"href":"https:\/\/pastillasmisotrol.cl\/index.php\/wp-json\/wp\/v2\/comments?post=9075"}],"version-history":[{"count":7,"href":"https:\/\/pastillasmisotrol.cl\/index.php\/wp-json\/wp\/v2\/pages\/9075\/revisions"}],"predecessor-version":[{"id":9492,"href":"https:\/\/pastillasmisotrol.cl\/index.php\/wp-json\/wp\/v2\/pages\/9075\/revisions\/9492"}],"wp:attachment":[{"href":"https:\/\/pastillasmisotrol.cl\/index.php\/wp-json\/wp\/v2\/media?parent=9075"}],"curies":[{"name":"wp","href":"https:\/\/api.w.org\/{rel}","templated":true}]}}