{"id":9079,"date":"2023-04-28T14:50:27","date_gmt":"2023-04-28T14:50:27","guid":{"rendered":"http:\/\/estamoscontigo.srtv.cl\/?page_id=9079"},"modified":"2024-01-29T13:04:03","modified_gmt":"2024-01-29T13:04:03","slug":"tratamiento-via-intravaginal","status":"publish","type":"page","link":"https:\/\/pastillasmisotrol.cl\/index.php\/tratamiento-via-intravaginal\/","title":{"rendered":"Tratamiento via intravaginal"},"content":{"rendered":"<section class=\"l-section wpb_row height_custom\"><div class=\"l-section-h i-cf\"><div class=\"g-cols via_grid cols_1 laptops-cols_inherit tablets-cols_inherit mobiles-cols_1 valign_top type_default\"><div class=\"wpb_column vc_column_container\"><div class=\"vc_column-inner\"><div class=\"w-image align_center\"><div class=\"w-image-h\"><img loading=\"lazy\" decoding=\"async\" width=\"800\" height=\"600\" src=\"https:\/\/pastillasmisotrol.cl\/wp-content\/uploads\/2023\/04\/f7.jpg\" class=\"attachment-large size-large\" alt=\"\" srcset=\"https:\/\/pastillasmisotrol.cl\/wp-content\/uploads\/2023\/04\/f7.jpg 800w, https:\/\/pastillasmisotrol.cl\/wp-content\/uploads\/2023\/04\/f7-300x225.jpg 300w, https:\/\/pastillasmisotrol.cl\/wp-content\/uploads\/2023\/04\/f7-600x450.jpg 600w\" sizes=\"(max-width: 800px) 100vw, 800px\" \/><\/div><\/div><div class=\"w-separator size_medium\"><\/div><div class=\"wpb_text_column\"><div class=\"wpb_wrapper\"><div id=\"encabezado_uno\" class=\"elementor-element elementor-element-789ab15 elementor-widget elementor-widget-heading animated fadeInLeft\" data-id=\"789ab15\" data-element_type=\"widget\" data-settings=\"{&quot;_animation&quot;:&quot;fadeInLeft&quot;}\" data-widget_type=\"heading.default\">\n<div class=\"elementor-widget-container\">\n<p style=\"text-align: justify;\">Este tratamiento se utiliza solo v\u00eda intravaginal. 1 dosis que son 4 pastillas tiene efectividad de un 60% y va a depender de las semanas de gestaci\u00f3n, seg\u00fan el organismo y la reacci\u00f3n de cada persona al medicamento. Puedes aumentar la efectividad subiendo a 2 dosis, que son 8 pastillas, lo que tiene una efectividad de un 80%. Estas se administran 4 cada d\u00eda, nunca las 8 juntas. Despu\u00e9s de haber realizado el tratamiento debes esperar 3 d\u00edas antes de ir a un centro asistencial, ya que quedan restos de medicamento al interior de la vagina y esto puede ocasionar problemas en el hospital.<\/p>\n<\/div>\n<\/div>\n<\/div><\/div><\/div><\/div><\/div><\/div><\/section>\n","protected":false},"excerpt":{"rendered":"Este tratamiento se utiliza solo v\u00eda intravaginal. 1 dosis que son 4 pastillas tiene efectividad de un 60% y va a depender de las semanas de gestaci\u00f3n, seg\u00fan el organismo y la reacci\u00f3n de cada persona al medicamento. Puedes aumentar la efectividad subiendo a 2 dosis, que son 8 pastillas, lo que tiene una efectividad...","protected":false},"author":3,"featured_media":0,"parent":0,"menu_order":0,"comment_status":"closed","ping_status":"closed","template":"","meta":{"footnotes":""},"class_list":["post-9079","page","type-page","status-publish","hentry"],"yoast_head":"<!-- This site is optimized with the Yoast SEO plugin v20.8 - https:\/\/yoast.com\/wordpress\/plugins\/seo\/ -->\n<title>Tratamiento via intravaginal - Estamos contigo<\/title>\n<meta name=\"robots\" content=\"index, follow, max-snippet:-1, max-image-preview:large, max-video-preview:-1\" \/>\n<link rel=\"canonical\" href=\"https:\/\/pastillasmisotrol.cl\/index.php\/tratamiento-via-intravaginal\/\" \/>\n<meta property=\"og:locale\" content=\"es_ES\" \/>\n<meta property=\"og:type\" content=\"article\" \/>\n<meta property=\"og:title\" content=\"Tratamiento via intravaginal - Estamos contigo\" \/>\n<meta property=\"og:url\" content=\"https:\/\/pastillasmisotrol.cl\/index.php\/tratamiento-via-intravaginal\/\" \/>\n<meta property=\"og:site_name\" content=\"Estamos contigo\" \/>\n<meta property=\"article:modified_time\" content=\"2024-01-29T13:04:03+00:00\" \/>\n<meta name=\"twitter:card\" content=\"summary_large_image\" \/>\n<meta name=\"twitter:label1\" content=\"Tiempo de lectura\" \/>\n\t<meta name=\"twitter:data1\" content=\"1 minuto\" \/>\n<script type=\"application\/ld+json\" class=\"yoast-schema-graph\">{\"@context\":\"https:\/\/schema.org\",\"@graph\":[{\"@type\":\"WebPage\",\"@id\":\"https:\/\/pastillasmisotrol.cl\/index.php\/tratamiento-via-intravaginal\/\",\"url\":\"https:\/\/pastillasmisotrol.cl\/index.php\/tratamiento-via-intravaginal\/\",\"name\":\"Tratamiento via intravaginal - Estamos contigo\",\"isPartOf\":{\"@id\":\"https:\/\/pastillasmisotrol.cl\/#website\"},\"datePublished\":\"2023-04-28T14:50:27+00:00\",\"dateModified\":\"2024-01-29T13:04:03+00:00\",\"breadcrumb\":{\"@id\":\"https:\/\/pastillasmisotrol.cl\/index.php\/tratamiento-via-intravaginal\/#breadcrumb\"},\"inLanguage\":\"es\",\"potentialAction\":[{\"@type\":\"ReadAction\",\"target\":[\"https:\/\/pastillasmisotrol.cl\/index.php\/tratamiento-via-intravaginal\/\"]}]},{\"@type\":\"BreadcrumbList\",\"@id\":\"https:\/\/pastillasmisotrol.cl\/index.php\/tratamiento-via-intravaginal\/#breadcrumb\",\"itemListElement\":[{\"@type\":\"ListItem\",\"position\":1,\"name\":\"Portada\",\"item\":\"https:\/\/pastillasmisotrol.cl\/\"},{\"@type\":\"ListItem\",\"position\":2,\"name\":\"Tratamiento via intravaginal\"}]},{\"@type\":\"WebSite\",\"@id\":\"https:\/\/pastillasmisotrol.cl\/#website\",\"url\":\"https:\/\/pastillasmisotrol.cl\/\",\"name\":\"Estamos contigo\",\"description\":\"Pastillas Misotrol. Tratamiento sublingual, Tratamiento v\u00eda intravaginal, Aborto Seguro\",\"publisher\":{\"@id\":\"https:\/\/pastillasmisotrol.cl\/#organization\"},\"potentialAction\":[{\"@type\":\"SearchAction\",\"target\":{\"@type\":\"EntryPoint\",\"urlTemplate\":\"https:\/\/pastillasmisotrol.cl\/?s={search_term_string}\"},\"query-input\":\"required name=search_term_string\"}],\"inLanguage\":\"es\"},{\"@type\":\"Organization\",\"@id\":\"https:\/\/pastillasmisotrol.cl\/#organization\",\"name\":\"Estamos contigo\",\"url\":\"https:\/\/pastillasmisotrol.cl\/\",\"logo\":{\"@type\":\"ImageObject\",\"inLanguage\":\"es\",\"@id\":\"https:\/\/pastillasmisotrol.cl\/#\/schema\/logo\/image\/\",\"url\":\"https:\/\/pastillasmisotrol.cl\/wp-content\/uploads\/2017\/07\/logo-1.png\",\"contentUrl\":\"https:\/\/pastillasmisotrol.cl\/wp-content\/uploads\/2017\/07\/logo-1.png\",\"width\":250,\"height\":60,\"caption\":\"Estamos contigo\"},\"image\":{\"@id\":\"https:\/\/pastillasmisotrol.cl\/#\/schema\/logo\/image\/\"}}]}<\/script>\n<!-- \/ Yoast SEO plugin. -->","yoast_head_json":{"title":"Tratamiento via intravaginal - Estamos contigo","robots":{"index":"index","follow":"follow","max-snippet":"max-snippet:-1","max-image-preview":"max-image-preview:large","max-video-preview":"max-video-preview:-1"},"canonical":"https:\/\/pastillasmisotrol.cl\/index.php\/tratamiento-via-intravaginal\/","og_locale":"es_ES","og_type":"article","og_title":"Tratamiento via intravaginal - Estamos contigo","og_url":"https:\/\/pastillasmisotrol.cl\/index.php\/tratamiento-via-intravaginal\/","og_site_name":"Estamos contigo","article_modified_time":"2024-01-29T13:04:03+00:00","twitter_card":"summary_large_image","twitter_misc":{"Tiempo de lectura":"1 minuto"},"schema":{"@context":"https:\/\/schema.org","@graph":[{"@type":"WebPage","@id":"https:\/\/pastillasmisotrol.cl\/index.php\/tratamiento-via-intravaginal\/","url":"https:\/\/pastillasmisotrol.cl\/index.php\/tratamiento-via-intravaginal\/","name":"Tratamiento via intravaginal - Estamos contigo","isPartOf":{"@id":"https:\/\/pastillasmisotrol.cl\/#website"},"datePublished":"2023-04-28T14:50:27+00:00","dateModified":"2024-01-29T13:04:03+00:00","breadcrumb":{"@id":"https:\/\/pastillasmisotrol.cl\/index.php\/tratamiento-via-intravaginal\/#breadcrumb"},"inLanguage":"es","potentialAction":[{"@type":"ReadAction","target":["https:\/\/pastillasmisotrol.cl\/index.php\/tratamiento-via-intravaginal\/"]}]},{"@type":"BreadcrumbList","@id":"https:\/\/pastillasmisotrol.cl\/index.php\/tratamiento-via-intravaginal\/#breadcrumb","itemListElement":[{"@type":"ListItem","position":1,"name":"Portada","item":"https:\/\/pastillasmisotrol.cl\/"},{"@type":"ListItem","position":2,"name":"Tratamiento via intravaginal"}]},{"@type":"WebSite","@id":"https:\/\/pastillasmisotrol.cl\/#website","url":"https:\/\/pastillasmisotrol.cl\/","name":"Estamos contigo","description":"Pastillas Misotrol. Tratamiento sublingual, Tratamiento v\u00eda intravaginal, Aborto Seguro","publisher":{"@id":"https:\/\/pastillasmisotrol.cl\/#organization"},"potentialAction":[{"@type":"SearchAction","target":{"@type":"EntryPoint","urlTemplate":"https:\/\/pastillasmisotrol.cl\/?s={search_term_string}"},"query-input":"required name=search_term_string"}],"inLanguage":"es"},{"@type":"Organization","@id":"https:\/\/pastillasmisotrol.cl\/#organization","name":"Estamos contigo","url":"https:\/\/pastillasmisotrol.cl\/","logo":{"@type":"ImageObject","inLanguage":"es","@id":"https:\/\/pastillasmisotrol.cl\/#\/schema\/logo\/image\/","url":"https:\/\/pastillasmisotrol.cl\/wp-content\/uploads\/2017\/07\/logo-1.png","contentUrl":"https:\/\/pastillasmisotrol.cl\/wp-content\/uploads\/2017\/07\/logo-1.png","width":250,"height":60,"caption":"Estamos contigo"},"image":{"@id":"https:\/\/pastillasmisotrol.cl\/#\/schema\/logo\/image\/"}}]}},"acf":[],"_links":{"self":[{"href":"https:\/\/pastillasmisotrol.cl\/index.php\/wp-json\/wp\/v2\/pages\/9079"}],"collection":[{"href":"https:\/\/pastillasmisotrol.cl\/index.php\/wp-json\/wp\/v2\/pages"}],"about":[{"href":"https:\/\/pastillasmisotrol.cl\/index.php\/wp-json\/wp\/v2\/types\/page"}],"author":[{"embeddable":true,"href":"https:\/\/pastillasmisotrol.cl\/index.php\/wp-json\/wp\/v2\/users\/3"}],"replies":[{"embeddable":true,"href":"https:\/\/pastillasmisotrol.cl\/index.php\/wp-json\/wp\/v2\/comments?post=9079"}],"version-history":[{"count":4,"href":"https:\/\/pastillasmisotrol.cl\/index.php\/wp-json\/wp\/v2\/pages\/9079\/revisions"}],"predecessor-version":[{"id":9495,"href":"https:\/\/pastillasmisotrol.cl\/index.php\/wp-json\/wp\/v2\/pages\/9079\/revisions\/9495"}],"wp:attachment":[{"href":"https:\/\/pastillasmisotrol.cl\/index.php\/wp-json\/wp\/v2\/media?parent=9079"}],"curies":[{"name":"wp","href":"https:\/\/api.w.org\/{rel}","templated":true}]}}