{"id":9713,"date":"2024-04-22T18:56:14","date_gmt":"2024-04-22T18:56:14","guid":{"rendered":"https:\/\/pastillasmisotrol.cl\/?page_id=9713"},"modified":"2024-04-26T18:55:32","modified_gmt":"2024-04-26T18:55:32","slug":"que-es-misotrol-cytotec","status":"publish","type":"page","link":"https:\/\/pastillasmisotrol.cl\/index.php\/que-es-misotrol-cytotec\/","title":{"rendered":"\u00bfQu\u00e9 es Misotrol Cytotec?"},"content":{"rendered":"<section class=\"l-section wpb_row height_custom\"><div class=\"l-section-h i-cf\"><div class=\"g-cols via_grid cols_1 laptops-cols_inherit tablets-cols_inherit mobiles-cols_1 valign_top type_default\"><div class=\"wpb_column vc_column_container\"><div class=\"vc_column-inner\"><div class=\"wpb_text_column us_custom_432d3f53\"><div class=\"wpb_wrapper\"><h2 style=\"text-align: left;\"><strong><span style=\"color: #be5398;\">\u00bfQU\u00c9 ES LA PASTILLA MISOTROL CYTOTEC?<\/span><\/strong><\/h2>\n<p>La pastilla Misotrol, tambi\u00e9n conocida comercialmente como Cytotec, es una forma farmac\u00e9utica de Misoprostol, una prostaglandina sint\u00e9tica que se utiliza para inducir el aborto en combinaci\u00f3n con mifepristona u otros medicamentos. Se ha convertido en una opci\u00f3n com\u00fan para la interrupci\u00f3n del embarazo temprano debido a su eficacia, relativa accesibilidad y menor invasividad en comparaci\u00f3n con otros m\u00e9todos quir\u00fargicos.<\/p>\n<p>Cuando se utiliza para fines abortivos, el Misotrol\/Cytotec se administra siguiendo un protocolo m\u00e9dico espec\u00edfico que puede variar seg\u00fan las pautas de atenci\u00f3n m\u00e9dica de cada pa\u00eds. Normalmente, se ingiere por v\u00eda oral o se coloca en la cavidad vaginal, y su acci\u00f3n consiste en estimular contracciones uterinas que provocan la expulsi\u00f3n del contenido uterino.<\/p>\n<\/div><\/div><div class=\"g-cols wpb_row via_grid cols_1 laptops-cols_inherit tablets-cols_inherit mobiles-cols_1 valign_top type_default\"><div class=\"wpb_column vc_column_container\"><div class=\"vc_column-inner\"><div class=\"w-separator size_medium\"><\/div><div class=\"wpb_text_column\"><div class=\"wpb_wrapper\"><div id=\"divtags\">\n<h1>VENTA MISOTROL<\/h1>\n<h1>VENTA MISOTROL CHILE<\/h1>\n<h1>VENTA DE MISOTROL<\/h1>\n<\/div>\n<\/div><\/div><\/div><\/div><\/div><\/div><\/div><\/div><\/div><\/section>\n","protected":false},"excerpt":{"rendered":"\u00bfQU\u00c9 ES LA PASTILLA MISOTROL CYTOTEC? La pastilla Misotrol, tambi\u00e9n conocida comercialmente como Cytotec, es una forma farmac\u00e9utica de Misoprostol, una prostaglandina sint\u00e9tica que se utiliza para inducir el aborto en combinaci\u00f3n con mifepristona u otros medicamentos. Se ha convertido en una opci\u00f3n com\u00fan para la interrupci\u00f3n del embarazo temprano debido a su eficacia, relativa...","protected":false},"author":3,"featured_media":0,"parent":0,"menu_order":0,"comment_status":"closed","ping_status":"closed","template":"","meta":{"footnotes":""},"class_list":["post-9713","page","type-page","status-publish","hentry"],"yoast_head":"<!-- This site is optimized with the Yoast SEO plugin v20.8 - https:\/\/yoast.com\/wordpress\/plugins\/seo\/ -->\n<title>\u00bfQu\u00e9 es Misotrol Cytotec? - Estamos contigo<\/title>\n<meta name=\"robots\" content=\"index, follow, max-snippet:-1, max-image-preview:large, max-video-preview:-1\" \/>\n<link rel=\"canonical\" href=\"https:\/\/pastillasmisotrol.cl\/index.php\/que-es-misotrol-cytotec\/\" \/>\n<meta property=\"og:locale\" content=\"es_ES\" \/>\n<meta property=\"og:type\" content=\"article\" \/>\n<meta property=\"og:title\" content=\"\u00bfQu\u00e9 es Misotrol Cytotec? - Estamos contigo\" \/>\n<meta property=\"og:url\" content=\"https:\/\/pastillasmisotrol.cl\/index.php\/que-es-misotrol-cytotec\/\" \/>\n<meta property=\"og:site_name\" content=\"Estamos contigo\" \/>\n<meta property=\"article:modified_time\" content=\"2024-04-26T18:55:32+00:00\" \/>\n<meta name=\"twitter:card\" content=\"summary_large_image\" \/>\n<meta name=\"twitter:label1\" content=\"Tiempo de lectura\" \/>\n\t<meta name=\"twitter:data1\" content=\"1 minuto\" \/>\n<script type=\"application\/ld+json\" class=\"yoast-schema-graph\">{\"@context\":\"https:\/\/schema.org\",\"@graph\":[{\"@type\":\"WebPage\",\"@id\":\"https:\/\/pastillasmisotrol.cl\/index.php\/que-es-misotrol-cytotec\/\",\"url\":\"https:\/\/pastillasmisotrol.cl\/index.php\/que-es-misotrol-cytotec\/\",\"name\":\"\u00bfQu\u00e9 es Misotrol Cytotec? - Estamos contigo\",\"isPartOf\":{\"@id\":\"https:\/\/pastillasmisotrol.cl\/#website\"},\"datePublished\":\"2024-04-22T18:56:14+00:00\",\"dateModified\":\"2024-04-26T18:55:32+00:00\",\"breadcrumb\":{\"@id\":\"https:\/\/pastillasmisotrol.cl\/index.php\/que-es-misotrol-cytotec\/#breadcrumb\"},\"inLanguage\":\"es\",\"potentialAction\":[{\"@type\":\"ReadAction\",\"target\":[\"https:\/\/pastillasmisotrol.cl\/index.php\/que-es-misotrol-cytotec\/\"]}]},{\"@type\":\"BreadcrumbList\",\"@id\":\"https:\/\/pastillasmisotrol.cl\/index.php\/que-es-misotrol-cytotec\/#breadcrumb\",\"itemListElement\":[{\"@type\":\"ListItem\",\"position\":1,\"name\":\"Portada\",\"item\":\"https:\/\/pastillasmisotrol.cl\/\"},{\"@type\":\"ListItem\",\"position\":2,\"name\":\"\u00bfQu\u00e9 es Misotrol Cytotec?\"}]},{\"@type\":\"WebSite\",\"@id\":\"https:\/\/pastillasmisotrol.cl\/#website\",\"url\":\"https:\/\/pastillasmisotrol.cl\/\",\"name\":\"Estamos contigo\",\"description\":\"Pastillas Misotrol. Tratamiento sublingual, Tratamiento v\u00eda intravaginal, Aborto Seguro\",\"publisher\":{\"@id\":\"https:\/\/pastillasmisotrol.cl\/#organization\"},\"potentialAction\":[{\"@type\":\"SearchAction\",\"target\":{\"@type\":\"EntryPoint\",\"urlTemplate\":\"https:\/\/pastillasmisotrol.cl\/?s={search_term_string}\"},\"query-input\":\"required name=search_term_string\"}],\"inLanguage\":\"es\"},{\"@type\":\"Organization\",\"@id\":\"https:\/\/pastillasmisotrol.cl\/#organization\",\"name\":\"Estamos contigo\",\"url\":\"https:\/\/pastillasmisotrol.cl\/\",\"logo\":{\"@type\":\"ImageObject\",\"inLanguage\":\"es\",\"@id\":\"https:\/\/pastillasmisotrol.cl\/#\/schema\/logo\/image\/\",\"url\":\"https:\/\/pastillasmisotrol.cl\/wp-content\/uploads\/2017\/07\/logo-1.png\",\"contentUrl\":\"https:\/\/pastillasmisotrol.cl\/wp-content\/uploads\/2017\/07\/logo-1.png\",\"width\":250,\"height\":60,\"caption\":\"Estamos contigo\"},\"image\":{\"@id\":\"https:\/\/pastillasmisotrol.cl\/#\/schema\/logo\/image\/\"}}]}<\/script>\n<!-- \/ Yoast SEO plugin. -->","yoast_head_json":{"title":"\u00bfQu\u00e9 es Misotrol Cytotec? - Estamos contigo","robots":{"index":"index","follow":"follow","max-snippet":"max-snippet:-1","max-image-preview":"max-image-preview:large","max-video-preview":"max-video-preview:-1"},"canonical":"https:\/\/pastillasmisotrol.cl\/index.php\/que-es-misotrol-cytotec\/","og_locale":"es_ES","og_type":"article","og_title":"\u00bfQu\u00e9 es Misotrol Cytotec? - Estamos contigo","og_url":"https:\/\/pastillasmisotrol.cl\/index.php\/que-es-misotrol-cytotec\/","og_site_name":"Estamos contigo","article_modified_time":"2024-04-26T18:55:32+00:00","twitter_card":"summary_large_image","twitter_misc":{"Tiempo de lectura":"1 minuto"},"schema":{"@context":"https:\/\/schema.org","@graph":[{"@type":"WebPage","@id":"https:\/\/pastillasmisotrol.cl\/index.php\/que-es-misotrol-cytotec\/","url":"https:\/\/pastillasmisotrol.cl\/index.php\/que-es-misotrol-cytotec\/","name":"\u00bfQu\u00e9 es Misotrol Cytotec? - Estamos contigo","isPartOf":{"@id":"https:\/\/pastillasmisotrol.cl\/#website"},"datePublished":"2024-04-22T18:56:14+00:00","dateModified":"2024-04-26T18:55:32+00:00","breadcrumb":{"@id":"https:\/\/pastillasmisotrol.cl\/index.php\/que-es-misotrol-cytotec\/#breadcrumb"},"inLanguage":"es","potentialAction":[{"@type":"ReadAction","target":["https:\/\/pastillasmisotrol.cl\/index.php\/que-es-misotrol-cytotec\/"]}]},{"@type":"BreadcrumbList","@id":"https:\/\/pastillasmisotrol.cl\/index.php\/que-es-misotrol-cytotec\/#breadcrumb","itemListElement":[{"@type":"ListItem","position":1,"name":"Portada","item":"https:\/\/pastillasmisotrol.cl\/"},{"@type":"ListItem","position":2,"name":"\u00bfQu\u00e9 es Misotrol Cytotec?"}]},{"@type":"WebSite","@id":"https:\/\/pastillasmisotrol.cl\/#website","url":"https:\/\/pastillasmisotrol.cl\/","name":"Estamos contigo","description":"Pastillas Misotrol. Tratamiento sublingual, Tratamiento v\u00eda intravaginal, Aborto Seguro","publisher":{"@id":"https:\/\/pastillasmisotrol.cl\/#organization"},"potentialAction":[{"@type":"SearchAction","target":{"@type":"EntryPoint","urlTemplate":"https:\/\/pastillasmisotrol.cl\/?s={search_term_string}"},"query-input":"required name=search_term_string"}],"inLanguage":"es"},{"@type":"Organization","@id":"https:\/\/pastillasmisotrol.cl\/#organization","name":"Estamos contigo","url":"https:\/\/pastillasmisotrol.cl\/","logo":{"@type":"ImageObject","inLanguage":"es","@id":"https:\/\/pastillasmisotrol.cl\/#\/schema\/logo\/image\/","url":"https:\/\/pastillasmisotrol.cl\/wp-content\/uploads\/2017\/07\/logo-1.png","contentUrl":"https:\/\/pastillasmisotrol.cl\/wp-content\/uploads\/2017\/07\/logo-1.png","width":250,"height":60,"caption":"Estamos contigo"},"image":{"@id":"https:\/\/pastillasmisotrol.cl\/#\/schema\/logo\/image\/"}}]}},"acf":[],"_links":{"self":[{"href":"https:\/\/pastillasmisotrol.cl\/index.php\/wp-json\/wp\/v2\/pages\/9713"}],"collection":[{"href":"https:\/\/pastillasmisotrol.cl\/index.php\/wp-json\/wp\/v2\/pages"}],"about":[{"href":"https:\/\/pastillasmisotrol.cl\/index.php\/wp-json\/wp\/v2\/types\/page"}],"author":[{"embeddable":true,"href":"https:\/\/pastillasmisotrol.cl\/index.php\/wp-json\/wp\/v2\/users\/3"}],"replies":[{"embeddable":true,"href":"https:\/\/pastillasmisotrol.cl\/index.php\/wp-json\/wp\/v2\/comments?post=9713"}],"version-history":[{"count":10,"href":"https:\/\/pastillasmisotrol.cl\/index.php\/wp-json\/wp\/v2\/pages\/9713\/revisions"}],"predecessor-version":[{"id":9930,"href":"https:\/\/pastillasmisotrol.cl\/index.php\/wp-json\/wp\/v2\/pages\/9713\/revisions\/9930"}],"wp:attachment":[{"href":"https:\/\/pastillasmisotrol.cl\/index.php\/wp-json\/wp\/v2\/media?parent=9713"}],"curies":[{"name":"wp","href":"https:\/\/api.w.org\/{rel}","templated":true}]}}