{"id":9715,"date":"2024-04-22T18:57:50","date_gmt":"2024-04-22T18:57:50","guid":{"rendered":"https:\/\/pastillasmisotrol.cl\/?page_id=9715"},"modified":"2024-04-26T18:56:12","modified_gmt":"2024-04-26T18:56:12","slug":"como-funciona","status":"publish","type":"page","link":"https:\/\/pastillasmisotrol.cl\/index.php\/como-funciona\/","title":{"rendered":"C\u00f3mo Funciona"},"content":{"rendered":"<section class=\"l-section wpb_row height_custom\"><div class=\"l-section-h i-cf\"><div class=\"g-cols via_grid cols_1 laptops-cols_inherit tablets-cols_inherit mobiles-cols_1 valign_top type_default\"><div class=\"wpb_column vc_column_container\"><div class=\"vc_column-inner\"><div class=\"wpb_text_column us_custom_432d3f53\"><div class=\"wpb_wrapper\"><h2 style=\"text-align: left;\"><strong><span style=\"color: #be5398;\">\u00bfC\u00d3MO FUNCIONA LA PASTILLA MISOTROL CYTOTEC?<\/span><\/strong><\/h2>\n<p>El Misotrol (Cytotec), cuando se utiliza para inducir el aborto, act\u00faa principalmente estimulando contracciones uterinas y ablandando el cuello uterino. Este proceso se asemeja a un aborto espont\u00e1neo o natural.<\/p>\n<p>El Misotrol contiene Misoprostol, una prostaglandina sint\u00e9tica que tiene afinidad por los receptores de prostaglandinas en el \u00fatero. Cuando se administra, ya sea por v\u00eda oral o vaginal, el Misotrol provoca contracciones uterinas similares a las que ocurren durante el parto, lo que lleva a la dilataci\u00f3n del cuello uterino y la expulsi\u00f3n del tejido gestacional.<\/p>\n<p>El Misotrol suele utilizarse en combinaci\u00f3n con otro medicamento llamado mifepristona, que act\u00faa bloqueando la acci\u00f3n de la progesterona, una hormona necesaria para mantener el embarazo. La combinaci\u00f3n de mifepristona y Misotrol aumenta la efectividad del procedimiento y reduce el tiempo necesario para la finalizaci\u00f3n del aborto.<\/p>\n<\/div><\/div><div class=\"w-separator size_medium\"><\/div><div class=\"wpb_text_column\"><div class=\"wpb_wrapper\"><div id=\"divtags\">\n<h1>PASTILLA MISOTROL<\/h1>\n<h1>VENTA DE PASTILLA MISOTROL<\/h1>\n<h1>MISOTROL EN SANTIAGO<\/h1>\n<\/div>\n<\/div><\/div><\/div><\/div><\/div><\/div><\/section><section class=\"l-section wpb_row height_custom\"><div class=\"l-section-h i-cf\"><div class=\"g-cols via_grid cols_1 laptops-cols_inherit tablets-cols_inherit mobiles-cols_1 valign_top type_default\"><div class=\"wpb_column vc_column_container\"><div class=\"vc_column-inner\"><\/div><\/div><\/div><\/div><\/section>\n","protected":false},"excerpt":{"rendered":"\u00bfC\u00d3MO FUNCIONA LA PASTILLA MISOTROL CYTOTEC? El Misotrol (Cytotec), cuando se utiliza para inducir el aborto, act\u00faa principalmente estimulando contracciones uterinas y ablandando el cuello uterino. Este proceso se asemeja a un aborto espont\u00e1neo o natural. El Misotrol contiene Misoprostol, una prostaglandina sint\u00e9tica que tiene afinidad por los receptores de prostaglandinas en el \u00fatero. Cuando...","protected":false},"author":3,"featured_media":0,"parent":0,"menu_order":0,"comment_status":"closed","ping_status":"closed","template":"","meta":{"footnotes":""},"class_list":["post-9715","page","type-page","status-publish","hentry"],"yoast_head":"<!-- This site is optimized with the Yoast SEO plugin v20.8 - https:\/\/yoast.com\/wordpress\/plugins\/seo\/ -->\n<title>C\u00f3mo Funciona - Estamos contigo<\/title>\n<meta name=\"robots\" content=\"index, follow, max-snippet:-1, max-image-preview:large, max-video-preview:-1\" \/>\n<link rel=\"canonical\" href=\"https:\/\/pastillasmisotrol.cl\/index.php\/como-funciona\/\" \/>\n<meta property=\"og:locale\" content=\"es_ES\" \/>\n<meta property=\"og:type\" content=\"article\" \/>\n<meta property=\"og:title\" content=\"C\u00f3mo Funciona - Estamos contigo\" \/>\n<meta property=\"og:url\" content=\"https:\/\/pastillasmisotrol.cl\/index.php\/como-funciona\/\" \/>\n<meta property=\"og:site_name\" content=\"Estamos contigo\" \/>\n<meta property=\"article:modified_time\" content=\"2024-04-26T18:56:12+00:00\" \/>\n<meta name=\"twitter:card\" content=\"summary_large_image\" \/>\n<meta name=\"twitter:label1\" content=\"Tiempo de lectura\" \/>\n\t<meta name=\"twitter:data1\" content=\"1 minuto\" \/>\n<script type=\"application\/ld+json\" class=\"yoast-schema-graph\">{\"@context\":\"https:\/\/schema.org\",\"@graph\":[{\"@type\":\"WebPage\",\"@id\":\"https:\/\/pastillasmisotrol.cl\/index.php\/como-funciona\/\",\"url\":\"https:\/\/pastillasmisotrol.cl\/index.php\/como-funciona\/\",\"name\":\"C\u00f3mo Funciona - Estamos contigo\",\"isPartOf\":{\"@id\":\"https:\/\/pastillasmisotrol.cl\/#website\"},\"datePublished\":\"2024-04-22T18:57:50+00:00\",\"dateModified\":\"2024-04-26T18:56:12+00:00\",\"breadcrumb\":{\"@id\":\"https:\/\/pastillasmisotrol.cl\/index.php\/como-funciona\/#breadcrumb\"},\"inLanguage\":\"es\",\"potentialAction\":[{\"@type\":\"ReadAction\",\"target\":[\"https:\/\/pastillasmisotrol.cl\/index.php\/como-funciona\/\"]}]},{\"@type\":\"BreadcrumbList\",\"@id\":\"https:\/\/pastillasmisotrol.cl\/index.php\/como-funciona\/#breadcrumb\",\"itemListElement\":[{\"@type\":\"ListItem\",\"position\":1,\"name\":\"Portada\",\"item\":\"https:\/\/pastillasmisotrol.cl\/\"},{\"@type\":\"ListItem\",\"position\":2,\"name\":\"C\u00f3mo Funciona\"}]},{\"@type\":\"WebSite\",\"@id\":\"https:\/\/pastillasmisotrol.cl\/#website\",\"url\":\"https:\/\/pastillasmisotrol.cl\/\",\"name\":\"Estamos contigo\",\"description\":\"Pastillas Misotrol. Tratamiento sublingual, Tratamiento v\u00eda intravaginal, Aborto Seguro\",\"publisher\":{\"@id\":\"https:\/\/pastillasmisotrol.cl\/#organization\"},\"potentialAction\":[{\"@type\":\"SearchAction\",\"target\":{\"@type\":\"EntryPoint\",\"urlTemplate\":\"https:\/\/pastillasmisotrol.cl\/?s={search_term_string}\"},\"query-input\":\"required name=search_term_string\"}],\"inLanguage\":\"es\"},{\"@type\":\"Organization\",\"@id\":\"https:\/\/pastillasmisotrol.cl\/#organization\",\"name\":\"Estamos contigo\",\"url\":\"https:\/\/pastillasmisotrol.cl\/\",\"logo\":{\"@type\":\"ImageObject\",\"inLanguage\":\"es\",\"@id\":\"https:\/\/pastillasmisotrol.cl\/#\/schema\/logo\/image\/\",\"url\":\"https:\/\/pastillasmisotrol.cl\/wp-content\/uploads\/2017\/07\/logo-1.png\",\"contentUrl\":\"https:\/\/pastillasmisotrol.cl\/wp-content\/uploads\/2017\/07\/logo-1.png\",\"width\":250,\"height\":60,\"caption\":\"Estamos contigo\"},\"image\":{\"@id\":\"https:\/\/pastillasmisotrol.cl\/#\/schema\/logo\/image\/\"}}]}<\/script>\n<!-- \/ Yoast SEO plugin. -->","yoast_head_json":{"title":"C\u00f3mo Funciona - Estamos contigo","robots":{"index":"index","follow":"follow","max-snippet":"max-snippet:-1","max-image-preview":"max-image-preview:large","max-video-preview":"max-video-preview:-1"},"canonical":"https:\/\/pastillasmisotrol.cl\/index.php\/como-funciona\/","og_locale":"es_ES","og_type":"article","og_title":"C\u00f3mo Funciona - Estamos contigo","og_url":"https:\/\/pastillasmisotrol.cl\/index.php\/como-funciona\/","og_site_name":"Estamos contigo","article_modified_time":"2024-04-26T18:56:12+00:00","twitter_card":"summary_large_image","twitter_misc":{"Tiempo de lectura":"1 minuto"},"schema":{"@context":"https:\/\/schema.org","@graph":[{"@type":"WebPage","@id":"https:\/\/pastillasmisotrol.cl\/index.php\/como-funciona\/","url":"https:\/\/pastillasmisotrol.cl\/index.php\/como-funciona\/","name":"C\u00f3mo Funciona - Estamos contigo","isPartOf":{"@id":"https:\/\/pastillasmisotrol.cl\/#website"},"datePublished":"2024-04-22T18:57:50+00:00","dateModified":"2024-04-26T18:56:12+00:00","breadcrumb":{"@id":"https:\/\/pastillasmisotrol.cl\/index.php\/como-funciona\/#breadcrumb"},"inLanguage":"es","potentialAction":[{"@type":"ReadAction","target":["https:\/\/pastillasmisotrol.cl\/index.php\/como-funciona\/"]}]},{"@type":"BreadcrumbList","@id":"https:\/\/pastillasmisotrol.cl\/index.php\/como-funciona\/#breadcrumb","itemListElement":[{"@type":"ListItem","position":1,"name":"Portada","item":"https:\/\/pastillasmisotrol.cl\/"},{"@type":"ListItem","position":2,"name":"C\u00f3mo Funciona"}]},{"@type":"WebSite","@id":"https:\/\/pastillasmisotrol.cl\/#website","url":"https:\/\/pastillasmisotrol.cl\/","name":"Estamos contigo","description":"Pastillas Misotrol. Tratamiento sublingual, Tratamiento v\u00eda intravaginal, Aborto Seguro","publisher":{"@id":"https:\/\/pastillasmisotrol.cl\/#organization"},"potentialAction":[{"@type":"SearchAction","target":{"@type":"EntryPoint","urlTemplate":"https:\/\/pastillasmisotrol.cl\/?s={search_term_string}"},"query-input":"required name=search_term_string"}],"inLanguage":"es"},{"@type":"Organization","@id":"https:\/\/pastillasmisotrol.cl\/#organization","name":"Estamos contigo","url":"https:\/\/pastillasmisotrol.cl\/","logo":{"@type":"ImageObject","inLanguage":"es","@id":"https:\/\/pastillasmisotrol.cl\/#\/schema\/logo\/image\/","url":"https:\/\/pastillasmisotrol.cl\/wp-content\/uploads\/2017\/07\/logo-1.png","contentUrl":"https:\/\/pastillasmisotrol.cl\/wp-content\/uploads\/2017\/07\/logo-1.png","width":250,"height":60,"caption":"Estamos contigo"},"image":{"@id":"https:\/\/pastillasmisotrol.cl\/#\/schema\/logo\/image\/"}}]}},"acf":[],"_links":{"self":[{"href":"https:\/\/pastillasmisotrol.cl\/index.php\/wp-json\/wp\/v2\/pages\/9715"}],"collection":[{"href":"https:\/\/pastillasmisotrol.cl\/index.php\/wp-json\/wp\/v2\/pages"}],"about":[{"href":"https:\/\/pastillasmisotrol.cl\/index.php\/wp-json\/wp\/v2\/types\/page"}],"author":[{"embeddable":true,"href":"https:\/\/pastillasmisotrol.cl\/index.php\/wp-json\/wp\/v2\/users\/3"}],"replies":[{"embeddable":true,"href":"https:\/\/pastillasmisotrol.cl\/index.php\/wp-json\/wp\/v2\/comments?post=9715"}],"version-history":[{"count":11,"href":"https:\/\/pastillasmisotrol.cl\/index.php\/wp-json\/wp\/v2\/pages\/9715\/revisions"}],"predecessor-version":[{"id":9931,"href":"https:\/\/pastillasmisotrol.cl\/index.php\/wp-json\/wp\/v2\/pages\/9715\/revisions\/9931"}],"wp:attachment":[{"href":"https:\/\/pastillasmisotrol.cl\/index.php\/wp-json\/wp\/v2\/media?parent=9715"}],"curies":[{"name":"wp","href":"https:\/\/api.w.org\/{rel}","templated":true}]}}