{"id":9718,"date":"2024-04-22T18:58:51","date_gmt":"2024-04-22T18:58:51","guid":{"rendered":"https:\/\/pastillasmisotrol.cl\/?page_id=9718"},"modified":"2024-04-26T18:56:59","modified_gmt":"2024-04-26T18:56:59","slug":"contraindicaciones","status":"publish","type":"page","link":"https:\/\/pastillasmisotrol.cl\/index.php\/contraindicaciones\/","title":{"rendered":"Contraindicaciones"},"content":{"rendered":"<section class=\"l-section wpb_row height_custom\"><div class=\"l-section-h i-cf\"><div class=\"g-cols via_grid cols_1 laptops-cols_inherit tablets-cols_inherit mobiles-cols_1 valign_top type_default\"><div class=\"wpb_column vc_column_container\"><div class=\"vc_column-inner\"><div class=\"wpb_text_column us_custom_432d3f53\"><div class=\"wpb_wrapper\"><h2 style=\"text-align: left;\"><strong><span style=\"color: #be5398;\">CONTRAINDICACIONES DE LA PASTILLA MISOTROL CYTOTEC<\/span><\/strong><\/h2>\n<p>Embarazo no deseado: Si la persona est\u00e1 embarazada y desea continuar con el embarazo, el Misotrol no debe ser utilizado, ya que est\u00e1 indicado espec\u00edficamente para inducir el aborto en embarazos tempranos.<\/p>\n<p>Alergia o sensibilidad al Misoprostol: Las personas que hayan experimentado reacciones al\u00e9rgicas o sensibilidad al Misoprostol u otros medicamentos similares deben evitar el uso de Misotrol.<\/p>\n<p>Riesgo de embarazo ect\u00f3pico: El Misotrol no es adecuado para el tratamiento de<br \/>\nembarazos ect\u00f3picos, donde el embri\u00f3n se desarrolla fuera del \u00fatero. Su uso en estos casos puede ser peligroso y est\u00e1 contraindicado.<\/p>\n<p>Antecedentes de ces\u00e1rea o cirug\u00eda uterina previa: En personas con antecedentes de ces\u00e1rea o cirug\u00eda uterina previa, el Misotrol puede aumentar el riesgo de complicaciones, como ruptura uterina, y por lo tanto debe ser usado con precauci\u00f3n o evitado seg\u00fan la evaluaci\u00f3n m\u00e9dica.<\/p>\n<p>Enfermedades gastrointestinales graves: Debido a su efecto en la mucosa g\u00e1strica, el Misotrol puede empeorar las condiciones de enfermedades gastrointestinales graves, como \u00falceras g\u00e1stricas o enfermedad inflamatoria intestinal.<\/p>\n<p>Uso de medicamentos que puedan interactuar con el Misotrol: Algunos medicamentos, como los antiinflamatorios no esteroides (AINEs), pueden aumentar el riesgo de efectos secundarios gastrointestinales cuando se toman junto con Misotrol. Es importante informar todos los medicamentos que se est\u00e1n tomando antes de usar Misotrol.<\/p>\n<\/div><\/div><div class=\"w-separator size_medium\"><\/div><div class=\"wpb_text_column\"><div class=\"wpb_wrapper\"><div id=\"divtags\">\n<h1>VENTA DE MISOTROL EN SANTIAGO<\/h1>\n<h1>VENTA MISOTROL SANTIAGO<\/h1>\n<h1>MISOTROL SANTIAGO<\/h1>\n<\/div>\n<\/div><\/div><\/div><\/div><\/div><\/div><\/section>\n","protected":false},"excerpt":{"rendered":"CONTRAINDICACIONES DE LA PASTILLA MISOTROL CYTOTEC Embarazo no deseado: Si la persona est\u00e1 embarazada y desea continuar con el embarazo, el Misotrol no debe ser utilizado, ya que est\u00e1 indicado espec\u00edficamente para inducir el aborto en embarazos tempranos. Alergia o sensibilidad al Misoprostol: Las personas que hayan experimentado reacciones al\u00e9rgicas o sensibilidad al Misoprostol u...","protected":false},"author":3,"featured_media":0,"parent":0,"menu_order":0,"comment_status":"closed","ping_status":"closed","template":"","meta":{"footnotes":""},"class_list":["post-9718","page","type-page","status-publish","hentry"],"yoast_head":"<!-- This site is optimized with the Yoast SEO plugin v20.8 - https:\/\/yoast.com\/wordpress\/plugins\/seo\/ -->\n<title>Contraindicaciones - Estamos contigo<\/title>\n<meta name=\"robots\" content=\"index, follow, max-snippet:-1, max-image-preview:large, max-video-preview:-1\" \/>\n<link rel=\"canonical\" href=\"https:\/\/pastillasmisotrol.cl\/index.php\/contraindicaciones\/\" \/>\n<meta property=\"og:locale\" content=\"es_ES\" \/>\n<meta property=\"og:type\" content=\"article\" \/>\n<meta property=\"og:title\" content=\"Contraindicaciones - Estamos contigo\" \/>\n<meta property=\"og:url\" content=\"https:\/\/pastillasmisotrol.cl\/index.php\/contraindicaciones\/\" \/>\n<meta property=\"og:site_name\" content=\"Estamos contigo\" \/>\n<meta property=\"article:modified_time\" content=\"2024-04-26T18:56:59+00:00\" \/>\n<meta name=\"twitter:card\" content=\"summary_large_image\" \/>\n<meta name=\"twitter:label1\" content=\"Tiempo de lectura\" \/>\n\t<meta name=\"twitter:data1\" content=\"2 minutos\" \/>\n<script type=\"application\/ld+json\" class=\"yoast-schema-graph\">{\"@context\":\"https:\/\/schema.org\",\"@graph\":[{\"@type\":\"WebPage\",\"@id\":\"https:\/\/pastillasmisotrol.cl\/index.php\/contraindicaciones\/\",\"url\":\"https:\/\/pastillasmisotrol.cl\/index.php\/contraindicaciones\/\",\"name\":\"Contraindicaciones - Estamos contigo\",\"isPartOf\":{\"@id\":\"https:\/\/pastillasmisotrol.cl\/#website\"},\"datePublished\":\"2024-04-22T18:58:51+00:00\",\"dateModified\":\"2024-04-26T18:56:59+00:00\",\"breadcrumb\":{\"@id\":\"https:\/\/pastillasmisotrol.cl\/index.php\/contraindicaciones\/#breadcrumb\"},\"inLanguage\":\"es\",\"potentialAction\":[{\"@type\":\"ReadAction\",\"target\":[\"https:\/\/pastillasmisotrol.cl\/index.php\/contraindicaciones\/\"]}]},{\"@type\":\"BreadcrumbList\",\"@id\":\"https:\/\/pastillasmisotrol.cl\/index.php\/contraindicaciones\/#breadcrumb\",\"itemListElement\":[{\"@type\":\"ListItem\",\"position\":1,\"name\":\"Portada\",\"item\":\"https:\/\/pastillasmisotrol.cl\/\"},{\"@type\":\"ListItem\",\"position\":2,\"name\":\"Contraindicaciones\"}]},{\"@type\":\"WebSite\",\"@id\":\"https:\/\/pastillasmisotrol.cl\/#website\",\"url\":\"https:\/\/pastillasmisotrol.cl\/\",\"name\":\"Estamos contigo\",\"description\":\"Pastillas Misotrol. Tratamiento sublingual, Tratamiento v\u00eda intravaginal, Aborto Seguro\",\"publisher\":{\"@id\":\"https:\/\/pastillasmisotrol.cl\/#organization\"},\"potentialAction\":[{\"@type\":\"SearchAction\",\"target\":{\"@type\":\"EntryPoint\",\"urlTemplate\":\"https:\/\/pastillasmisotrol.cl\/?s={search_term_string}\"},\"query-input\":\"required name=search_term_string\"}],\"inLanguage\":\"es\"},{\"@type\":\"Organization\",\"@id\":\"https:\/\/pastillasmisotrol.cl\/#organization\",\"name\":\"Estamos contigo\",\"url\":\"https:\/\/pastillasmisotrol.cl\/\",\"logo\":{\"@type\":\"ImageObject\",\"inLanguage\":\"es\",\"@id\":\"https:\/\/pastillasmisotrol.cl\/#\/schema\/logo\/image\/\",\"url\":\"https:\/\/pastillasmisotrol.cl\/wp-content\/uploads\/2017\/07\/logo-1.png\",\"contentUrl\":\"https:\/\/pastillasmisotrol.cl\/wp-content\/uploads\/2017\/07\/logo-1.png\",\"width\":250,\"height\":60,\"caption\":\"Estamos contigo\"},\"image\":{\"@id\":\"https:\/\/pastillasmisotrol.cl\/#\/schema\/logo\/image\/\"}}]}<\/script>\n<!-- \/ Yoast SEO plugin. -->","yoast_head_json":{"title":"Contraindicaciones - Estamos contigo","robots":{"index":"index","follow":"follow","max-snippet":"max-snippet:-1","max-image-preview":"max-image-preview:large","max-video-preview":"max-video-preview:-1"},"canonical":"https:\/\/pastillasmisotrol.cl\/index.php\/contraindicaciones\/","og_locale":"es_ES","og_type":"article","og_title":"Contraindicaciones - Estamos contigo","og_url":"https:\/\/pastillasmisotrol.cl\/index.php\/contraindicaciones\/","og_site_name":"Estamos contigo","article_modified_time":"2024-04-26T18:56:59+00:00","twitter_card":"summary_large_image","twitter_misc":{"Tiempo de lectura":"2 minutos"},"schema":{"@context":"https:\/\/schema.org","@graph":[{"@type":"WebPage","@id":"https:\/\/pastillasmisotrol.cl\/index.php\/contraindicaciones\/","url":"https:\/\/pastillasmisotrol.cl\/index.php\/contraindicaciones\/","name":"Contraindicaciones - Estamos contigo","isPartOf":{"@id":"https:\/\/pastillasmisotrol.cl\/#website"},"datePublished":"2024-04-22T18:58:51+00:00","dateModified":"2024-04-26T18:56:59+00:00","breadcrumb":{"@id":"https:\/\/pastillasmisotrol.cl\/index.php\/contraindicaciones\/#breadcrumb"},"inLanguage":"es","potentialAction":[{"@type":"ReadAction","target":["https:\/\/pastillasmisotrol.cl\/index.php\/contraindicaciones\/"]}]},{"@type":"BreadcrumbList","@id":"https:\/\/pastillasmisotrol.cl\/index.php\/contraindicaciones\/#breadcrumb","itemListElement":[{"@type":"ListItem","position":1,"name":"Portada","item":"https:\/\/pastillasmisotrol.cl\/"},{"@type":"ListItem","position":2,"name":"Contraindicaciones"}]},{"@type":"WebSite","@id":"https:\/\/pastillasmisotrol.cl\/#website","url":"https:\/\/pastillasmisotrol.cl\/","name":"Estamos contigo","description":"Pastillas Misotrol. Tratamiento sublingual, Tratamiento v\u00eda intravaginal, Aborto Seguro","publisher":{"@id":"https:\/\/pastillasmisotrol.cl\/#organization"},"potentialAction":[{"@type":"SearchAction","target":{"@type":"EntryPoint","urlTemplate":"https:\/\/pastillasmisotrol.cl\/?s={search_term_string}"},"query-input":"required name=search_term_string"}],"inLanguage":"es"},{"@type":"Organization","@id":"https:\/\/pastillasmisotrol.cl\/#organization","name":"Estamos contigo","url":"https:\/\/pastillasmisotrol.cl\/","logo":{"@type":"ImageObject","inLanguage":"es","@id":"https:\/\/pastillasmisotrol.cl\/#\/schema\/logo\/image\/","url":"https:\/\/pastillasmisotrol.cl\/wp-content\/uploads\/2017\/07\/logo-1.png","contentUrl":"https:\/\/pastillasmisotrol.cl\/wp-content\/uploads\/2017\/07\/logo-1.png","width":250,"height":60,"caption":"Estamos contigo"},"image":{"@id":"https:\/\/pastillasmisotrol.cl\/#\/schema\/logo\/image\/"}}]}},"acf":[],"_links":{"self":[{"href":"https:\/\/pastillasmisotrol.cl\/index.php\/wp-json\/wp\/v2\/pages\/9718"}],"collection":[{"href":"https:\/\/pastillasmisotrol.cl\/index.php\/wp-json\/wp\/v2\/pages"}],"about":[{"href":"https:\/\/pastillasmisotrol.cl\/index.php\/wp-json\/wp\/v2\/types\/page"}],"author":[{"embeddable":true,"href":"https:\/\/pastillasmisotrol.cl\/index.php\/wp-json\/wp\/v2\/users\/3"}],"replies":[{"embeddable":true,"href":"https:\/\/pastillasmisotrol.cl\/index.php\/wp-json\/wp\/v2\/comments?post=9718"}],"version-history":[{"count":10,"href":"https:\/\/pastillasmisotrol.cl\/index.php\/wp-json\/wp\/v2\/pages\/9718\/revisions"}],"predecessor-version":[{"id":9932,"href":"https:\/\/pastillasmisotrol.cl\/index.php\/wp-json\/wp\/v2\/pages\/9718\/revisions\/9932"}],"wp:attachment":[{"href":"https:\/\/pastillasmisotrol.cl\/index.php\/wp-json\/wp\/v2\/media?parent=9718"}],"curies":[{"name":"wp","href":"https:\/\/api.w.org\/{rel}","templated":true}]}}