{"id":9720,"date":"2024-04-22T18:59:27","date_gmt":"2024-04-22T18:59:27","guid":{"rendered":"https:\/\/pastillasmisotrol.cl\/?page_id=9720"},"modified":"2024-04-22T19:42:41","modified_gmt":"2024-04-22T19:42:41","slug":"preguntas-frecuentes","status":"publish","type":"page","link":"https:\/\/pastillasmisotrol.cl\/index.php\/preguntas-frecuentes\/","title":{"rendered":"Preguntas Frecuentes"},"content":{"rendered":"<section class=\"l-section wpb_row height_custom\"><div class=\"l-section-h i-cf\"><div class=\"g-cols via_grid cols_1 laptops-cols_inherit tablets-cols_inherit mobiles-cols_1 valign_top type_default\"><div class=\"wpb_column vc_column_container\"><div class=\"vc_column-inner\"><div class=\"wpb_text_column us_custom_432d3f53\"><div class=\"wpb_wrapper\"><p><strong>\u00bfQu\u00e9 es Misotrol y para qu\u00e9 se utiliza?<\/strong><\/p>\n<p>Misotrol es una pastilla que contiene Misoprostol, utilizado para tratar \u00falceras g\u00e1stricas y, en combinaci\u00f3n con otros medicamentos, para la interrupci\u00f3n del embarazo temprano.<\/p>\n<p><strong>\u00bfC\u00f3mo funciona Misotrol para inducir el aborto?<\/strong><\/p>\n<p>Misotrol estimula contracciones uterinas y ablanda el cuello uterino, facilitando la expulsi\u00f3n del contenido uterino.<\/p>\n<p><strong>\u00bfEs seguro usar Misotrol para interrumpir un embarazo?<\/strong><\/p>\n<p>Cuando se usa bajo supervisi\u00f3n adecuada y siguiendo un protocolo establecido, Misotrol es considerado seguro para la interrupci\u00f3n del embarazo temprano.<\/p>\n<p><strong>\u00bfD\u00f3nde puedo conseguir Misotrol y c\u00f3mo puedo estar seguro de que es aut\u00e9ntico?<\/strong><\/p>\n<p>Contactanos y nosotras te asesoramos. Lo primero que debes fijarte es que est\u00e9n selladas con fechas de elaboraci\u00f3n y vencimiento, que su forma sea hexagonal y que tengan el c\u00f3digo 1461 junto a la ranura.<\/p>\n<p><strong>\u00bfCu\u00e1les son los posibles efectos secundarios y riesgos asociados con el uso de<\/strong><br \/>\n<strong>Misotrol para el aborto?<\/strong><\/p>\n<p>Los efectos secundarios pueden incluir n\u00e1useas, v\u00f3mitos, diarrea, dolor abdominal y sangrado. Los riesgos incluyen la posibilidad de complicaciones si no se utiliza correctamente.<\/p>\n<p><strong>\u00bfCu\u00e1nto tiempo despu\u00e9s de tomar Misotrol puedo esperar que ocurra el aborto?<\/strong><\/p>\n<p>El aborto puede ocurrir dentro de las primeras horas o d\u00edas despu\u00e9s de tomar Misotrol, pero puede variar en cada caso.<\/p>\n<p><strong>\u00bfPuedo usar Misotrol si tengo condiciones m\u00e9dicas preexistentes, como \u00falceras <\/strong><strong>g\u00e1stricas o enfermedades cardiovasculares?<\/strong><\/p>\n<p>Debes discutir cualquier condici\u00f3n m\u00e9dica preexistente con un profesional de la salud antes de usar Misotrol.<\/p>\n<\/div><\/div><\/div><\/div><\/div><\/div><\/section>\n","protected":false},"excerpt":{"rendered":"\u00bfQu\u00e9 es Misotrol y para qu\u00e9 se utiliza? Misotrol es una pastilla que contiene Misoprostol, utilizado para tratar \u00falceras g\u00e1stricas y, en combinaci\u00f3n con otros medicamentos, para la interrupci\u00f3n del embarazo temprano. \u00bfC\u00f3mo funciona Misotrol para inducir el aborto? Misotrol estimula contracciones uterinas y ablanda el cuello uterino, facilitando la expulsi\u00f3n del contenido uterino. \u00bfEs...","protected":false},"author":3,"featured_media":0,"parent":0,"menu_order":0,"comment_status":"closed","ping_status":"closed","template":"","meta":{"footnotes":""},"class_list":["post-9720","page","type-page","status-publish","hentry"],"yoast_head":"<!-- This site is optimized with the Yoast SEO plugin v20.8 - https:\/\/yoast.com\/wordpress\/plugins\/seo\/ -->\n<title>Preguntas Frecuentes - Estamos contigo<\/title>\n<meta name=\"robots\" content=\"index, follow, max-snippet:-1, max-image-preview:large, max-video-preview:-1\" \/>\n<link rel=\"canonical\" href=\"https:\/\/pastillasmisotrol.cl\/index.php\/preguntas-frecuentes\/\" \/>\n<meta property=\"og:locale\" content=\"es_ES\" \/>\n<meta property=\"og:type\" content=\"article\" \/>\n<meta property=\"og:title\" content=\"Preguntas Frecuentes - Estamos contigo\" \/>\n<meta property=\"og:url\" content=\"https:\/\/pastillasmisotrol.cl\/index.php\/preguntas-frecuentes\/\" \/>\n<meta property=\"og:site_name\" content=\"Estamos contigo\" \/>\n<meta property=\"article:modified_time\" content=\"2024-04-22T19:42:41+00:00\" \/>\n<meta name=\"twitter:card\" content=\"summary_large_image\" \/>\n<meta name=\"twitter:label1\" content=\"Tiempo de lectura\" \/>\n\t<meta name=\"twitter:data1\" content=\"2 minutos\" \/>\n<script type=\"application\/ld+json\" class=\"yoast-schema-graph\">{\"@context\":\"https:\/\/schema.org\",\"@graph\":[{\"@type\":\"WebPage\",\"@id\":\"https:\/\/pastillasmisotrol.cl\/index.php\/preguntas-frecuentes\/\",\"url\":\"https:\/\/pastillasmisotrol.cl\/index.php\/preguntas-frecuentes\/\",\"name\":\"Preguntas Frecuentes - Estamos contigo\",\"isPartOf\":{\"@id\":\"https:\/\/pastillasmisotrol.cl\/#website\"},\"datePublished\":\"2024-04-22T18:59:27+00:00\",\"dateModified\":\"2024-04-22T19:42:41+00:00\",\"breadcrumb\":{\"@id\":\"https:\/\/pastillasmisotrol.cl\/index.php\/preguntas-frecuentes\/#breadcrumb\"},\"inLanguage\":\"es\",\"potentialAction\":[{\"@type\":\"ReadAction\",\"target\":[\"https:\/\/pastillasmisotrol.cl\/index.php\/preguntas-frecuentes\/\"]}]},{\"@type\":\"BreadcrumbList\",\"@id\":\"https:\/\/pastillasmisotrol.cl\/index.php\/preguntas-frecuentes\/#breadcrumb\",\"itemListElement\":[{\"@type\":\"ListItem\",\"position\":1,\"name\":\"Portada\",\"item\":\"https:\/\/pastillasmisotrol.cl\/\"},{\"@type\":\"ListItem\",\"position\":2,\"name\":\"Preguntas Frecuentes\"}]},{\"@type\":\"WebSite\",\"@id\":\"https:\/\/pastillasmisotrol.cl\/#website\",\"url\":\"https:\/\/pastillasmisotrol.cl\/\",\"name\":\"Estamos contigo\",\"description\":\"Pastillas Misotrol. Tratamiento sublingual, Tratamiento v\u00eda intravaginal, Aborto Seguro\",\"publisher\":{\"@id\":\"https:\/\/pastillasmisotrol.cl\/#organization\"},\"potentialAction\":[{\"@type\":\"SearchAction\",\"target\":{\"@type\":\"EntryPoint\",\"urlTemplate\":\"https:\/\/pastillasmisotrol.cl\/?s={search_term_string}\"},\"query-input\":\"required name=search_term_string\"}],\"inLanguage\":\"es\"},{\"@type\":\"Organization\",\"@id\":\"https:\/\/pastillasmisotrol.cl\/#organization\",\"name\":\"Estamos contigo\",\"url\":\"https:\/\/pastillasmisotrol.cl\/\",\"logo\":{\"@type\":\"ImageObject\",\"inLanguage\":\"es\",\"@id\":\"https:\/\/pastillasmisotrol.cl\/#\/schema\/logo\/image\/\",\"url\":\"https:\/\/pastillasmisotrol.cl\/wp-content\/uploads\/2017\/07\/logo-1.png\",\"contentUrl\":\"https:\/\/pastillasmisotrol.cl\/wp-content\/uploads\/2017\/07\/logo-1.png\",\"width\":250,\"height\":60,\"caption\":\"Estamos contigo\"},\"image\":{\"@id\":\"https:\/\/pastillasmisotrol.cl\/#\/schema\/logo\/image\/\"}}]}<\/script>\n<!-- \/ Yoast SEO plugin. -->","yoast_head_json":{"title":"Preguntas Frecuentes - Estamos contigo","robots":{"index":"index","follow":"follow","max-snippet":"max-snippet:-1","max-image-preview":"max-image-preview:large","max-video-preview":"max-video-preview:-1"},"canonical":"https:\/\/pastillasmisotrol.cl\/index.php\/preguntas-frecuentes\/","og_locale":"es_ES","og_type":"article","og_title":"Preguntas Frecuentes - Estamos contigo","og_url":"https:\/\/pastillasmisotrol.cl\/index.php\/preguntas-frecuentes\/","og_site_name":"Estamos contigo","article_modified_time":"2024-04-22T19:42:41+00:00","twitter_card":"summary_large_image","twitter_misc":{"Tiempo de lectura":"2 minutos"},"schema":{"@context":"https:\/\/schema.org","@graph":[{"@type":"WebPage","@id":"https:\/\/pastillasmisotrol.cl\/index.php\/preguntas-frecuentes\/","url":"https:\/\/pastillasmisotrol.cl\/index.php\/preguntas-frecuentes\/","name":"Preguntas Frecuentes - Estamos contigo","isPartOf":{"@id":"https:\/\/pastillasmisotrol.cl\/#website"},"datePublished":"2024-04-22T18:59:27+00:00","dateModified":"2024-04-22T19:42:41+00:00","breadcrumb":{"@id":"https:\/\/pastillasmisotrol.cl\/index.php\/preguntas-frecuentes\/#breadcrumb"},"inLanguage":"es","potentialAction":[{"@type":"ReadAction","target":["https:\/\/pastillasmisotrol.cl\/index.php\/preguntas-frecuentes\/"]}]},{"@type":"BreadcrumbList","@id":"https:\/\/pastillasmisotrol.cl\/index.php\/preguntas-frecuentes\/#breadcrumb","itemListElement":[{"@type":"ListItem","position":1,"name":"Portada","item":"https:\/\/pastillasmisotrol.cl\/"},{"@type":"ListItem","position":2,"name":"Preguntas Frecuentes"}]},{"@type":"WebSite","@id":"https:\/\/pastillasmisotrol.cl\/#website","url":"https:\/\/pastillasmisotrol.cl\/","name":"Estamos contigo","description":"Pastillas Misotrol. Tratamiento sublingual, Tratamiento v\u00eda intravaginal, Aborto Seguro","publisher":{"@id":"https:\/\/pastillasmisotrol.cl\/#organization"},"potentialAction":[{"@type":"SearchAction","target":{"@type":"EntryPoint","urlTemplate":"https:\/\/pastillasmisotrol.cl\/?s={search_term_string}"},"query-input":"required name=search_term_string"}],"inLanguage":"es"},{"@type":"Organization","@id":"https:\/\/pastillasmisotrol.cl\/#organization","name":"Estamos contigo","url":"https:\/\/pastillasmisotrol.cl\/","logo":{"@type":"ImageObject","inLanguage":"es","@id":"https:\/\/pastillasmisotrol.cl\/#\/schema\/logo\/image\/","url":"https:\/\/pastillasmisotrol.cl\/wp-content\/uploads\/2017\/07\/logo-1.png","contentUrl":"https:\/\/pastillasmisotrol.cl\/wp-content\/uploads\/2017\/07\/logo-1.png","width":250,"height":60,"caption":"Estamos contigo"},"image":{"@id":"https:\/\/pastillasmisotrol.cl\/#\/schema\/logo\/image\/"}}]}},"acf":[],"_links":{"self":[{"href":"https:\/\/pastillasmisotrol.cl\/index.php\/wp-json\/wp\/v2\/pages\/9720"}],"collection":[{"href":"https:\/\/pastillasmisotrol.cl\/index.php\/wp-json\/wp\/v2\/pages"}],"about":[{"href":"https:\/\/pastillasmisotrol.cl\/index.php\/wp-json\/wp\/v2\/types\/page"}],"author":[{"embeddable":true,"href":"https:\/\/pastillasmisotrol.cl\/index.php\/wp-json\/wp\/v2\/users\/3"}],"replies":[{"embeddable":true,"href":"https:\/\/pastillasmisotrol.cl\/index.php\/wp-json\/wp\/v2\/comments?post=9720"}],"version-history":[{"count":3,"href":"https:\/\/pastillasmisotrol.cl\/index.php\/wp-json\/wp\/v2\/pages\/9720\/revisions"}],"predecessor-version":[{"id":9745,"href":"https:\/\/pastillasmisotrol.cl\/index.php\/wp-json\/wp\/v2\/pages\/9720\/revisions\/9745"}],"wp:attachment":[{"href":"https:\/\/pastillasmisotrol.cl\/index.php\/wp-json\/wp\/v2\/media?parent=9720"}],"curies":[{"name":"wp","href":"https:\/\/api.w.org\/{rel}","templated":true}]}}